{"id":25249,"date":"2022-02-04T11:36:54","date_gmt":"2022-02-04T10:36:54","guid":{"rendered":"https:\/\/www.epicerie-lasource.org\/magasin\/?post_type=product&#038;p=25249"},"modified":"2026-04-22T16:06:05","modified_gmt":"2026-04-22T14:06:05","slug":"nettoyant-multi-surfaces-poire-et-chevrefeuille-1-l","status":"publish","type":"product","link":"https:\/\/www.epicerie-lasource.org\/magasin\/produit\/nettoyant-multi-surfaces-poire-et-chevrefeuille-1-l\/","title":{"rendered":"Nettoyant multi surfaces Poire et Ch\u00e9vrefeuille 1 L"},"content":{"rendered":"","protected":false},"excerpt":{"rendered":"<p>Le nettoyant m\u00e9nager Mutyne est parfaitement adapt\u00e9 \u00e0 tous les types de surface (sols, plans de travail, portes, mur, &#8230;).<br \/>\nSa formule efficace nettoie, d\u00e9graisse en profondeur, et vous permet d&rsquo;obtenir des surfaces propres et brillantes avec la juste dose tout en parfumant d\u00e9licatement votre int\u00e9rieur.<br \/>\n90% de nos clients rach\u00e8tent ou ont l&rsquo;intention de racheter r\u00e9guli\u00e8rement les produits Mutyne.*<\/p>\n","protected":false},"featured_media":25301,"comment_status":"closed","ping_status":"closed","template":"","meta":[],"product_cat":[324],"product_tag":[],"supplier_id":23768,"supplier_sku":"","atum_controlled":true,"out_stock_date":null,"out_stock_threshold":null,"inheritable":false,"inbound_stock":0,"stock_on_hold":0,"sold_today":0,"sales_last_days":1,"out_stock_days":0,"lost_sales":0,"has_location":false,"update_date":"2026-05-09T22:30:29","atum_locations":[],"atum_stock_status":"onbackorder","restock_status":false,"low_stock_amount":"","sales_update_date":"2026-05-09T22:30:29","calc_backorders":-1,"_links":{"self":[{"href":"https:\/\/www.epicerie-lasource.org\/magasin\/wp-json\/wp\/v2\/product\/25249"}],"collection":[{"href":"https:\/\/www.epicerie-lasource.org\/magasin\/wp-json\/wp\/v2\/product"}],"about":[{"href":"https:\/\/www.epicerie-lasource.org\/magasin\/wp-json\/wp\/v2\/types\/product"}],"replies":[{"embeddable":true,"href":"https:\/\/www.epicerie-lasource.org\/magasin\/wp-json\/wp\/v2\/comments?post=25249"}],"wp:featuredmedia":[{"embeddable":true,"href":"https:\/\/www.epicerie-lasource.org\/magasin\/wp-json\/wp\/v2\/media\/25301"}],"wp:attachment":[{"href":"https:\/\/www.epicerie-lasource.org\/magasin\/wp-json\/wp\/v2\/media?parent=25249"}],"wp:term":[{"taxonomy":"product_cat","embeddable":true,"href":"https:\/\/www.epicerie-lasource.org\/magasin\/wp-json\/wp\/v2\/product_cat?post=25249"},{"taxonomy":"product_tag","embeddable":true,"href":"https:\/\/www.epicerie-lasource.org\/magasin\/wp-json\/wp\/v2\/product_tag?post=25249"}],"curies":[{"name":"wp","href":"https:\/\/api.w.org\/{rel}","templated":true}]}}