{"id":25246,"date":"2022-02-04T11:26:37","date_gmt":"2022-02-04T10:26:37","guid":{"rendered":"https:\/\/www.epicerie-lasource.org\/magasin\/?post_type=product&#038;p=25246"},"modified":"2026-04-27T12:33:44","modified_gmt":"2026-04-27T10:33:44","slug":"tablette-lave-vaisselle-tout-en-1-mutyne-30-tabs","status":"publish","type":"product","link":"https:\/\/www.epicerie-lasource.org\/magasin\/produit\/tablette-lave-vaisselle-tout-en-1-mutyne-30-tabs\/","title":{"rendered":"Tablettes lave-vaisselle Tout en 1 Mutyne 40 tabs"},"content":{"rendered":"","protected":false},"excerpt":{"rendered":"<p>Compacte et performante en plus d&rsquo;\u00eatre la plus petite tablette Tout en 1 du march\u00e9 ! Elle assure le lavage, la fonction sel, le rin\u00e7age et la protection de la machine pour une eau moyennement dure d\u00e8s 45\u00b0C. Efficace sur les t\u00e2ches du quotidien avec une action renforc\u00e9e sur les t\u00e2ches enzymatiques (amidon, jaune d&rsquo;\u0153uf).<br \/>\nBo\u00eete de 40 tablettes soit 40 lavages.<\/p>\n<p>Ingr\u00e9dients:<br \/>\n5 % ou plus, mais moins de 15 % : agents de blanchiment<br \/>\noxyg\u00e9n\u00e9s. Moins de 5% : agents de surface non ioniques, enzymes. \u00c9galement : s\u00e9questrants, sels de carbonate, sel de sulfate, acide citrique, silicates, agents anti-red\u00e9position, sel, glyc\u00e9rine, sodium glycolate, agents de surface anioniques, st\u00e9arate de magn\u00e9sium, bentonite.<br \/>\n95,8 % de du total des ingr\u00e9dients sont d\u2019origine<br \/>\nnaturelle.<\/p>\n","protected":false},"featured_media":39447,"comment_status":"closed","ping_status":"closed","template":"","meta":[],"product_cat":[324],"product_tag":[],"supplier_id":23768,"supplier_sku":"","atum_controlled":true,"out_stock_date":null,"out_stock_threshold":null,"inheritable":false,"inbound_stock":0,"stock_on_hold":0,"sold_today":0,"sales_last_days":2,"out_stock_days":0,"lost_sales":0,"has_location":false,"update_date":"2026-05-08T22:31:26","atum_locations":[],"atum_stock_status":"instock","restock_status":false,"low_stock_amount":4,"sales_update_date":"2026-05-08T22:31:26","calc_backorders":0,"_links":{"self":[{"href":"https:\/\/www.epicerie-lasource.org\/magasin\/wp-json\/wp\/v2\/product\/25246"}],"collection":[{"href":"https:\/\/www.epicerie-lasource.org\/magasin\/wp-json\/wp\/v2\/product"}],"about":[{"href":"https:\/\/www.epicerie-lasource.org\/magasin\/wp-json\/wp\/v2\/types\/product"}],"replies":[{"embeddable":true,"href":"https:\/\/www.epicerie-lasource.org\/magasin\/wp-json\/wp\/v2\/comments?post=25246"}],"wp:featuredmedia":[{"embeddable":true,"href":"https:\/\/www.epicerie-lasource.org\/magasin\/wp-json\/wp\/v2\/media\/39447"}],"wp:attachment":[{"href":"https:\/\/www.epicerie-lasource.org\/magasin\/wp-json\/wp\/v2\/media?parent=25246"}],"wp:term":[{"taxonomy":"product_cat","embeddable":true,"href":"https:\/\/www.epicerie-lasource.org\/magasin\/wp-json\/wp\/v2\/product_cat?post=25246"},{"taxonomy":"product_tag","embeddable":true,"href":"https:\/\/www.epicerie-lasource.org\/magasin\/wp-json\/wp\/v2\/product_tag?post=25246"}],"curies":[{"name":"wp","href":"https:\/\/api.w.org\/{rel}","templated":true}]}}