{"id":24766,"date":"2022-01-26T12:32:11","date_gmt":"2022-01-26T11:32:11","guid":{"rendered":"https:\/\/www.epicerie-lasource.org\/magasin\/?post_type=product&#038;p=24766"},"modified":"2025-12-04T07:51:03","modified_gmt":"2025-12-04T06:51:03","slug":"brosse-a-ongles-fsc","status":"publish","type":"product","link":"https:\/\/www.epicerie-lasource.org\/magasin\/produit\/brosse-a-ongles-fsc\/","title":{"rendered":"Brosse \u00e0 ongles FSC"},"content":{"rendered":"","protected":false},"excerpt":{"rendered":"<div class=\"card my-3\">\n<div id=\"collapseOne\" class=\"collapse show\" aria-labelledby=\"headingOne\" data-parent=\"#accordion_fp\">\n<div id=\"anchor_produit\" class=\"card-body p-0\">\n<div class=\"col py-4\">\n<p>Brosse \u00e0 ongles en h\u00eatre et fibres d&rsquo;agave. Dimensions : 9 x 3.5 cm.<\/p>\n<div class=\"row mx-auto\">\n<div class=\"col-12 px-0\">\n<p>D\u00e9couvrez cette brosse \u00e0 ongles en h\u00eatre et fibres d&rsquo;agave.<\/p>\n<\/div>\n<div class=\"col-12 px-0\">\n<p class=\"sous_titre\">Les + produit :<\/p>\n<p>. Douce et efficace<br \/>\n. Nettoyage minutieux des ongles<\/p>\n<\/div>\n<\/div>\n<\/div>\n<\/div>\n<\/div>\n<\/div>\n<div class=\"card my-3\">\n<div id=\"collapseTwo\" class=\"collapse show\" aria-labelledby=\"headingTwo\" data-parent=\"#accordion_fp\">\n<div id=\"anchor_caracteristiques\" class=\"card-body p-0\">\n<div class=\"col py-4\">\n<div class=\"avetissement_fp\"><\/div>\n<div class=\"caracteristiques_fp\">\n<p class=\"sous_titre\">Caract\u00e9ristiques :<\/p>\n<p><strong>Composition:<\/strong> Une brosse \u00e0 ongles en h\u00eatre et fibres d&rsquo;agave<\/p>\n<p><strong>Dimensions<\/strong> : 9 x 3.5 cm<\/p>\n<p><strong>Fabrication :<\/strong> Allemagne.<\/p>\n<\/div>\n<\/div>\n<\/div>\n<\/div>\n<\/div>\n","protected":false},"featured_media":24930,"comment_status":"closed","ping_status":"closed","template":"","meta":[],"product_cat":[324],"product_tag":[],"supplier_id":24929,"supplier_sku":"","atum_controlled":true,"out_stock_date":null,"out_stock_threshold":null,"inheritable":false,"inbound_stock":0,"stock_on_hold":0,"sold_today":0,"sales_last_days":0,"out_stock_days":0,"lost_sales":0,"has_location":false,"update_date":"2026-05-09T22:32:26","atum_locations":[],"atum_stock_status":"instock","restock_status":false,"low_stock_amount":"","sales_update_date":"2026-05-09T22:32:25","calc_backorders":0,"_links":{"self":[{"href":"https:\/\/www.epicerie-lasource.org\/magasin\/wp-json\/wp\/v2\/product\/24766"}],"collection":[{"href":"https:\/\/www.epicerie-lasource.org\/magasin\/wp-json\/wp\/v2\/product"}],"about":[{"href":"https:\/\/www.epicerie-lasource.org\/magasin\/wp-json\/wp\/v2\/types\/product"}],"replies":[{"embeddable":true,"href":"https:\/\/www.epicerie-lasource.org\/magasin\/wp-json\/wp\/v2\/comments?post=24766"}],"wp:featuredmedia":[{"embeddable":true,"href":"https:\/\/www.epicerie-lasource.org\/magasin\/wp-json\/wp\/v2\/media\/24930"}],"wp:attachment":[{"href":"https:\/\/www.epicerie-lasource.org\/magasin\/wp-json\/wp\/v2\/media?parent=24766"}],"wp:term":[{"taxonomy":"product_cat","embeddable":true,"href":"https:\/\/www.epicerie-lasource.org\/magasin\/wp-json\/wp\/v2\/product_cat?post=24766"},{"taxonomy":"product_tag","embeddable":true,"href":"https:\/\/www.epicerie-lasource.org\/magasin\/wp-json\/wp\/v2\/product_tag?post=24766"}],"curies":[{"name":"wp","href":"https:\/\/api.w.org\/{rel}","templated":true}]}}