{"id":24765,"date":"2022-01-26T12:23:09","date_gmt":"2022-01-26T11:23:09","guid":{"rendered":"https:\/\/www.epicerie-lasource.org\/magasin\/?post_type=product&#038;p=24765"},"modified":"2025-11-12T14:46:37","modified_gmt":"2025-11-12T13:46:37","slug":"sachet-de-25-pinces-a-linge-onlywood","status":"publish","type":"product","link":"https:\/\/www.epicerie-lasource.org\/magasin\/produit\/sachet-de-25-pinces-a-linge-onlywood\/","title":{"rendered":"Sachet de 25 pinces \u00e0 linge \u00ab\u00a0Onlywood\u00a0\u00bb"},"content":{"rendered":"","protected":false},"excerpt":{"rendered":"<div class=\"card my-3\">\n<div id=\"collapseOne\" class=\"collapse show\" aria-labelledby=\"headingOne\" data-parent=\"#accordion_fp\">\n<div id=\"anchor_produit\" class=\"card-body p-0\">\n<div class=\"col py-4\">\n<p><strong>Lot de 25 pinces \u00e0 linge<\/strong> \u00ab\u00a0Onlywood\u00a0\u00bb en H\u00eatre.<\/p>\n<div class=\"row mx-auto\">\n<div class=\"col-12 px-0\">\n<p>Parfaitement efficaces m\u00eame par grand vent pour le linge, elles peuvent \u00e9galement servir \u00e0 fermer les paquets ouverts, ou dans les loisirs cr\u00e9atifs.<\/p>\n<\/div>\n<div class=\"col-12 px-0\">\n<p class=\"sous_titre\">Les + produit :<\/p>\n<p>&#8211; Design original et polyvalent.<\/p>\n<p>&#8211; H\u00eatre issu de for\u00eat g\u00e9r\u00e9es durablement.<\/p>\n<\/div>\n<\/div>\n<\/div>\n<\/div>\n<\/div>\n<\/div>\n<div class=\"card my-3\">\n<div id=\"collapseTwo\" class=\"collapse show\" aria-labelledby=\"headingTwo\" data-parent=\"#accordion_fp\">\n<div id=\"anchor_caracteristiques\" class=\"card-body p-0\">\n<div class=\"col py-4\">\n<div class=\"avetissement_fp\"><\/div>\n<div class=\"caracteristiques_fp\">\n<p class=\"sous_titre\">Caract\u00e9ristiques :<\/p>\n<p>Dimensions: Longueur: environ 10,5cm \/ largeur: environ 1,5cm<br \/>\nComposition: Sans m\u00e9tal, en h\u00eatre issu de for\u00eats g\u00e9r\u00e9es\u00a0\u00e9cologiquement<br \/>\nOrigine produit:\u00a0\u00a0Allemagne.<\/p>\n<\/div>\n<\/div>\n<\/div>\n<\/div>\n<\/div>\n","protected":false},"featured_media":24931,"comment_status":"closed","ping_status":"closed","template":"","meta":[],"product_cat":[324],"product_tag":[],"supplier_id":24929,"supplier_sku":"","atum_controlled":true,"out_stock_date":null,"out_stock_threshold":null,"inheritable":false,"inbound_stock":0,"stock_on_hold":0,"sold_today":0,"sales_last_days":0,"out_stock_days":0,"lost_sales":0,"has_location":false,"update_date":"2026-05-09T22:32:00","atum_locations":[],"atum_stock_status":"instock","restock_status":false,"low_stock_amount":"","sales_update_date":"2026-05-09T22:31:59","calc_backorders":0,"_links":{"self":[{"href":"https:\/\/www.epicerie-lasource.org\/magasin\/wp-json\/wp\/v2\/product\/24765"}],"collection":[{"href":"https:\/\/www.epicerie-lasource.org\/magasin\/wp-json\/wp\/v2\/product"}],"about":[{"href":"https:\/\/www.epicerie-lasource.org\/magasin\/wp-json\/wp\/v2\/types\/product"}],"replies":[{"embeddable":true,"href":"https:\/\/www.epicerie-lasource.org\/magasin\/wp-json\/wp\/v2\/comments?post=24765"}],"wp:featuredmedia":[{"embeddable":true,"href":"https:\/\/www.epicerie-lasource.org\/magasin\/wp-json\/wp\/v2\/media\/24931"}],"wp:attachment":[{"href":"https:\/\/www.epicerie-lasource.org\/magasin\/wp-json\/wp\/v2\/media?parent=24765"}],"wp:term":[{"taxonomy":"product_cat","embeddable":true,"href":"https:\/\/www.epicerie-lasource.org\/magasin\/wp-json\/wp\/v2\/product_cat?post=24765"},{"taxonomy":"product_tag","embeddable":true,"href":"https:\/\/www.epicerie-lasource.org\/magasin\/wp-json\/wp\/v2\/product_tag?post=24765"}],"curies":[{"name":"wp","href":"https:\/\/api.w.org\/{rel}","templated":true}]}}