{"id":24763,"date":"2022-01-26T12:16:41","date_gmt":"2022-01-26T11:16:41","guid":{"rendered":"https:\/\/www.epicerie-lasource.org\/magasin\/?post_type=product&#038;p=24763"},"modified":"2026-04-30T17:32:39","modified_gmt":"2026-04-30T15:32:39","slug":"grattoir-a-recurer-en-cuivre","status":"publish","type":"product","link":"https:\/\/www.epicerie-lasource.org\/magasin\/produit\/grattoir-a-recurer-en-cuivre\/","title":{"rendered":"Grattoir \u00e0 r\u00e9curer en cuivre"},"content":{"rendered":"","protected":false},"excerpt":{"rendered":"<p>Nettoyez vos ustensiles de cuisines et surface encrass\u00e9es gr\u00e2ce \u00e0 ce grattoir \u00e0 r\u00e9curer en maille de cuivre.<br \/>\nNe raye pas et ne rouille pas.<br \/>\nProduit lavable et recyclable !<\/p>\n","protected":false},"featured_media":24932,"comment_status":"closed","ping_status":"closed","template":"","meta":[],"product_cat":[324],"product_tag":[],"supplier_id":24929,"supplier_sku":"","atum_controlled":true,"out_stock_date":null,"out_stock_threshold":null,"inheritable":false,"inbound_stock":0,"stock_on_hold":0,"sold_today":0,"sales_last_days":1,"out_stock_days":0,"lost_sales":0,"has_location":false,"update_date":"2026-05-08T22:31:18","atum_locations":[],"atum_stock_status":"onbackorder","restock_status":false,"low_stock_amount":"","sales_update_date":"2026-05-08T22:31:18","calc_backorders":-4,"_links":{"self":[{"href":"https:\/\/www.epicerie-lasource.org\/magasin\/wp-json\/wp\/v2\/product\/24763"}],"collection":[{"href":"https:\/\/www.epicerie-lasource.org\/magasin\/wp-json\/wp\/v2\/product"}],"about":[{"href":"https:\/\/www.epicerie-lasource.org\/magasin\/wp-json\/wp\/v2\/types\/product"}],"replies":[{"embeddable":true,"href":"https:\/\/www.epicerie-lasource.org\/magasin\/wp-json\/wp\/v2\/comments?post=24763"}],"wp:featuredmedia":[{"embeddable":true,"href":"https:\/\/www.epicerie-lasource.org\/magasin\/wp-json\/wp\/v2\/media\/24932"}],"wp:attachment":[{"href":"https:\/\/www.epicerie-lasource.org\/magasin\/wp-json\/wp\/v2\/media?parent=24763"}],"wp:term":[{"taxonomy":"product_cat","embeddable":true,"href":"https:\/\/www.epicerie-lasource.org\/magasin\/wp-json\/wp\/v2\/product_cat?post=24763"},{"taxonomy":"product_tag","embeddable":true,"href":"https:\/\/www.epicerie-lasource.org\/magasin\/wp-json\/wp\/v2\/product_tag?post=24763"}],"curies":[{"name":"wp","href":"https:\/\/api.w.org\/{rel}","templated":true}]}}