{"id":24762,"date":"2022-01-26T12:13:56","date_gmt":"2022-01-26T11:13:56","guid":{"rendered":"https:\/\/www.epicerie-lasource.org\/magasin\/?post_type=product&#038;p=24762"},"modified":"2025-12-11T17:58:51","modified_gmt":"2025-12-11T16:58:51","slug":"lot-de-4-tampons-a-recurer-ecologiques","status":"publish","type":"product","link":"https:\/\/www.epicerie-lasource.org\/magasin\/produit\/lot-de-4-tampons-a-recurer-ecologiques\/","title":{"rendered":"Lot de 4 tampons \u00e0 r\u00e9curer \u00e9cologiques"},"content":{"rendered":"","protected":false},"excerpt":{"rendered":"<div class=\"rte\">\n<p>Le 4 tampons \u00e0 r\u00e9curer fabriqu\u00e9s \u00e0 100% \u00e0 partir de bouteilles, de Droguerie Ecologique, sont 100% \u00e9cologiques, et permettent de nettoyer vos casseroles.<\/p>\n<p>Le 4 tampons \u00e0 r\u00e9curer fabriqu\u00e9s \u00e0 100% \u00e0 partir de bouteilles, de la marque Droguerie Ecologique sont 100% \u00e9cologiques, et permettent de nettoyer et de r\u00e9curer les surfaces grasses de vos casseroles\u2026<\/p>\n<p>&nbsp;<\/p>\n<p>Cr\u00e9\u00e9e par la soci\u00e9t\u00e9 Ecodis, la Droguerie Ecologique est une marque fran\u00e7aise se sp\u00e9cialisant dans la fabrication de produits de tous les jours \u00e0 usage simplifi\u00e9. La marque se distingue par la culture de l\u2019esprit de cr\u00e9ativit\u00e9 pour permettre \u00e0 ses consommateurs de personnaliser les accessoires et produits d\u2019entretien. Certifi\u00e9 ECOCERT, FSC et AB, chaque produit a \u00e9t\u00e9 con\u00e7u pour avoir un minimum d\u2019impact sur l\u2019environnement et la nature.<\/p>\n<\/div>\n<p>&nbsp;<\/p>\n<p>&nbsp;<\/p>\n","protected":false},"featured_media":24933,"comment_status":"closed","ping_status":"closed","template":"","meta":[],"product_cat":[324],"product_tag":[],"supplier_id":24929,"supplier_sku":"","atum_controlled":true,"out_stock_date":null,"out_stock_threshold":null,"inheritable":false,"inbound_stock":0,"stock_on_hold":0,"sold_today":0,"sales_last_days":0,"out_stock_days":0,"lost_sales":0,"has_location":false,"update_date":"2026-05-09T22:30:53","atum_locations":[],"atum_stock_status":"instock","restock_status":false,"low_stock_amount":"","sales_update_date":"2026-05-09T22:30:53","calc_backorders":0,"_links":{"self":[{"href":"https:\/\/www.epicerie-lasource.org\/magasin\/wp-json\/wp\/v2\/product\/24762"}],"collection":[{"href":"https:\/\/www.epicerie-lasource.org\/magasin\/wp-json\/wp\/v2\/product"}],"about":[{"href":"https:\/\/www.epicerie-lasource.org\/magasin\/wp-json\/wp\/v2\/types\/product"}],"replies":[{"embeddable":true,"href":"https:\/\/www.epicerie-lasource.org\/magasin\/wp-json\/wp\/v2\/comments?post=24762"}],"wp:featuredmedia":[{"embeddable":true,"href":"https:\/\/www.epicerie-lasource.org\/magasin\/wp-json\/wp\/v2\/media\/24933"}],"wp:attachment":[{"href":"https:\/\/www.epicerie-lasource.org\/magasin\/wp-json\/wp\/v2\/media?parent=24762"}],"wp:term":[{"taxonomy":"product_cat","embeddable":true,"href":"https:\/\/www.epicerie-lasource.org\/magasin\/wp-json\/wp\/v2\/product_cat?post=24762"},{"taxonomy":"product_tag","embeddable":true,"href":"https:\/\/www.epicerie-lasource.org\/magasin\/wp-json\/wp\/v2\/product_tag?post=24762"}],"curies":[{"name":"wp","href":"https:\/\/api.w.org\/{rel}","templated":true}]}}