{"id":24688,"date":"2022-01-25T21:52:27","date_gmt":"2022-01-25T20:52:27","guid":{"rendered":"https:\/\/www.epicerie-lasource.org\/magasin\/?post_type=product&#038;p=24688"},"modified":"2025-11-17T22:08:57","modified_gmt":"2025-11-17T21:08:57","slug":"sel-de-guerande-aux-herbes-100g-la-roulotte-bleue","status":"publish","type":"product","link":"https:\/\/www.epicerie-lasource.org\/magasin\/produit\/sel-de-guerande-aux-herbes-100g-la-roulotte-bleue\/","title":{"rendered":"Sel aux herbes 100grs"},"content":{"rendered":"","protected":false},"excerpt":{"rendered":"<p><strong>Sel aux Herbes :<\/strong><br \/>\n95 % de Sel de Gu\u00e9rande IGP s\u00e9ch\u00e9<br \/>\n5% herbes aromatiques ( thym, romarin, persil, estragon, basilic)<\/p>\n","protected":false},"featured_media":24769,"comment_status":"closed","ping_status":"closed","template":"","meta":[],"product_cat":[731,704],"product_tag":[],"supplier_id":24936,"supplier_sku":"","atum_controlled":true,"out_stock_date":null,"out_stock_threshold":null,"inheritable":false,"inbound_stock":0,"stock_on_hold":0,"sold_today":0,"sales_last_days":0,"out_stock_days":0,"lost_sales":0,"has_location":false,"update_date":"2026-05-04T22:28:51","atum_locations":[],"atum_stock_status":"onbackorder","restock_status":false,"low_stock_amount":"","sales_update_date":"2026-05-04T22:28:51","calc_backorders":-1,"_links":{"self":[{"href":"https:\/\/www.epicerie-lasource.org\/magasin\/wp-json\/wp\/v2\/product\/24688"}],"collection":[{"href":"https:\/\/www.epicerie-lasource.org\/magasin\/wp-json\/wp\/v2\/product"}],"about":[{"href":"https:\/\/www.epicerie-lasource.org\/magasin\/wp-json\/wp\/v2\/types\/product"}],"replies":[{"embeddable":true,"href":"https:\/\/www.epicerie-lasource.org\/magasin\/wp-json\/wp\/v2\/comments?post=24688"}],"wp:featuredmedia":[{"embeddable":true,"href":"https:\/\/www.epicerie-lasource.org\/magasin\/wp-json\/wp\/v2\/media\/24769"}],"wp:attachment":[{"href":"https:\/\/www.epicerie-lasource.org\/magasin\/wp-json\/wp\/v2\/media?parent=24688"}],"wp:term":[{"taxonomy":"product_cat","embeddable":true,"href":"https:\/\/www.epicerie-lasource.org\/magasin\/wp-json\/wp\/v2\/product_cat?post=24688"},{"taxonomy":"product_tag","embeddable":true,"href":"https:\/\/www.epicerie-lasource.org\/magasin\/wp-json\/wp\/v2\/product_tag?post=24688"}],"curies":[{"name":"wp","href":"https:\/\/api.w.org\/{rel}","templated":true}]}}