{"id":24417,"date":"2022-01-19T14:42:04","date_gmt":"2022-01-19T13:42:04","guid":{"rendered":"https:\/\/www.epicerie-lasource.org\/magasin\/?post_type=product&#038;p=24417"},"modified":"2026-04-26T12:18:05","modified_gmt":"2026-04-26T10:18:05","slug":"shorle-citron-fringuant-les-filles-de-louest-bio-33-cl","status":"publish","type":"product","link":"https:\/\/www.epicerie-lasource.org\/magasin\/produit\/shorle-citron-fringuant-les-filles-de-louest-bio-33-cl\/","title":{"rendered":"Schorle Citron fringuant Les Filles de l&rsquo;Ouest Bio 33 cl"},"content":{"rendered":"","protected":false},"excerpt":{"rendered":"<p>Le Schorle citron-gingembre est l\u2019accord parfait entre le citron jaune sicilien et le citron vert br\u00e9silien ! Bio, relev\u00e9 d\u2019une pointe de gingembre naturel et l\u00e9g\u00e8rement adouci avec sucre naturel de raisin !<br \/>\nLe Citron Fringuant vous s\u00e9duira par son \u00e9l\u00e9gance en bouche ! Chaque ingr\u00e9dient a \u00e9t\u00e9 dos\u00e9 avec grande finesse et attention.<\/p>\n","protected":false},"featured_media":24579,"comment_status":"closed","ping_status":"closed","template":"","meta":[],"product_cat":[22,681],"product_tag":[],"supplier_id":23768,"supplier_sku":"","atum_controlled":true,"out_stock_date":null,"out_stock_threshold":null,"inheritable":false,"inbound_stock":0,"stock_on_hold":0,"sold_today":0,"sales_last_days":2,"out_stock_days":0,"lost_sales":0,"has_location":false,"update_date":"2026-05-04T22:30:47","atum_locations":[],"atum_stock_status":"instock","restock_status":false,"low_stock_amount":2,"sales_update_date":"2026-05-04T22:30:47","calc_backorders":0,"_links":{"self":[{"href":"https:\/\/www.epicerie-lasource.org\/magasin\/wp-json\/wp\/v2\/product\/24417"}],"collection":[{"href":"https:\/\/www.epicerie-lasource.org\/magasin\/wp-json\/wp\/v2\/product"}],"about":[{"href":"https:\/\/www.epicerie-lasource.org\/magasin\/wp-json\/wp\/v2\/types\/product"}],"replies":[{"embeddable":true,"href":"https:\/\/www.epicerie-lasource.org\/magasin\/wp-json\/wp\/v2\/comments?post=24417"}],"wp:featuredmedia":[{"embeddable":true,"href":"https:\/\/www.epicerie-lasource.org\/magasin\/wp-json\/wp\/v2\/media\/24579"}],"wp:attachment":[{"href":"https:\/\/www.epicerie-lasource.org\/magasin\/wp-json\/wp\/v2\/media?parent=24417"}],"wp:term":[{"taxonomy":"product_cat","embeddable":true,"href":"https:\/\/www.epicerie-lasource.org\/magasin\/wp-json\/wp\/v2\/product_cat?post=24417"},{"taxonomy":"product_tag","embeddable":true,"href":"https:\/\/www.epicerie-lasource.org\/magasin\/wp-json\/wp\/v2\/product_tag?post=24417"}],"curies":[{"name":"wp","href":"https:\/\/api.w.org\/{rel}","templated":true}]}}