{"id":24416,"date":"2022-01-19T14:41:55","date_gmt":"2022-01-19T13:41:55","guid":{"rendered":"https:\/\/www.epicerie-lasource.org\/magasin\/?post_type=product&#038;p=24416"},"modified":"2026-03-04T20:51:49","modified_gmt":"2026-03-04T19:51:49","slug":"shorle-pomme-tonique-33-cl-les-filles-de-louest-bio-33-cl","status":"publish","type":"product","link":"https:\/\/www.epicerie-lasource.org\/magasin\/produit\/shorle-pomme-tonique-33-cl-les-filles-de-louest-bio-33-cl\/","title":{"rendered":"Schorle Pomme Piquante 33 cl Les Filles de l&rsquo;Ouest Bio 33 cl"},"content":{"rendered":"","protected":false},"excerpt":{"rendered":"<p>Le Schorle Pomme Piquante, c\u2019est le go\u00fbt parfum\u00e9 de la pomme que l\u2019on croque! Compos\u00e9 d\u2019un assemblage de pommes \u00e0 couteaux tr\u00e8s aromatiques. La Pomme Piquante est une boisson \u00e9quilibr\u00e9e en go\u00fbt, haute en saveurs et l\u00e9g\u00e8re ! Toutes nos pommes sont des pommes \u00e0 couteaux d\u2019origine fran\u00e7aise, bio et cueillies \u00e0 la main.<\/p>\n","protected":false},"featured_media":24580,"comment_status":"closed","ping_status":"closed","template":"","meta":[],"product_cat":[22,681],"product_tag":[],"supplier_id":23768,"supplier_sku":"","atum_controlled":true,"out_stock_date":null,"out_stock_threshold":null,"inheritable":false,"inbound_stock":0,"stock_on_hold":0,"sold_today":0,"sales_last_days":0,"out_stock_days":0,"lost_sales":0,"has_location":false,"update_date":"2026-05-05T22:30:23","atum_locations":[],"atum_stock_status":"instock","restock_status":false,"low_stock_amount":"","sales_update_date":"2026-05-05T22:30:23","calc_backorders":0,"_links":{"self":[{"href":"https:\/\/www.epicerie-lasource.org\/magasin\/wp-json\/wp\/v2\/product\/24416"}],"collection":[{"href":"https:\/\/www.epicerie-lasource.org\/magasin\/wp-json\/wp\/v2\/product"}],"about":[{"href":"https:\/\/www.epicerie-lasource.org\/magasin\/wp-json\/wp\/v2\/types\/product"}],"replies":[{"embeddable":true,"href":"https:\/\/www.epicerie-lasource.org\/magasin\/wp-json\/wp\/v2\/comments?post=24416"}],"wp:featuredmedia":[{"embeddable":true,"href":"https:\/\/www.epicerie-lasource.org\/magasin\/wp-json\/wp\/v2\/media\/24580"}],"wp:attachment":[{"href":"https:\/\/www.epicerie-lasource.org\/magasin\/wp-json\/wp\/v2\/media?parent=24416"}],"wp:term":[{"taxonomy":"product_cat","embeddable":true,"href":"https:\/\/www.epicerie-lasource.org\/magasin\/wp-json\/wp\/v2\/product_cat?post=24416"},{"taxonomy":"product_tag","embeddable":true,"href":"https:\/\/www.epicerie-lasource.org\/magasin\/wp-json\/wp\/v2\/product_tag?post=24416"}],"curies":[{"name":"wp","href":"https:\/\/api.w.org\/{rel}","templated":true}]}}