{"id":24415,"date":"2022-01-19T14:41:50","date_gmt":"2022-01-19T13:41:50","guid":{"rendered":"https:\/\/www.epicerie-lasource.org\/magasin\/?post_type=product&#038;p=24415"},"modified":"2026-03-19T17:07:29","modified_gmt":"2026-03-19T16:07:29","slug":"shorle-cassis-truculent-les-filles-de-louest-bio-33-cl","status":"publish","type":"product","link":"https:\/\/www.epicerie-lasource.org\/magasin\/produit\/shorle-cassis-truculent-les-filles-de-louest-bio-33-cl\/","title":{"rendered":"Schorle Cassis Truculent  Les Filles de l&rsquo;Ouest Bio 33 cl"},"content":{"rendered":"","protected":false},"excerpt":{"rendered":"<p>La particularit\u00e9 du Cassis Truculent est l\u2019association du cassis qui uni \u00e0 la douceur des pommes lui donne un \u00e9quilibre parfait n\u00e9cessitant aucun autre ajout !<br \/>\nLe Schorle Cassis Truculent vous s\u00e9duira par sa robe si color\u00e9e, ses notes de fruits rouge et acidul\u00e9s<\/p>\n","protected":false},"featured_media":24581,"comment_status":"closed","ping_status":"closed","template":"","meta":[],"product_cat":[22,681],"product_tag":[],"supplier_id":23768,"supplier_sku":"","atum_controlled":true,"out_stock_date":null,"out_stock_threshold":null,"inheritable":false,"inbound_stock":0,"stock_on_hold":0,"sold_today":0,"sales_last_days":0,"out_stock_days":0,"lost_sales":0,"has_location":false,"update_date":"2026-05-05T22:29:49","atum_locations":[],"atum_stock_status":"onbackorder","restock_status":false,"low_stock_amount":"","sales_update_date":"2026-05-05T22:29:49","calc_backorders":-3,"_links":{"self":[{"href":"https:\/\/www.epicerie-lasource.org\/magasin\/wp-json\/wp\/v2\/product\/24415"}],"collection":[{"href":"https:\/\/www.epicerie-lasource.org\/magasin\/wp-json\/wp\/v2\/product"}],"about":[{"href":"https:\/\/www.epicerie-lasource.org\/magasin\/wp-json\/wp\/v2\/types\/product"}],"replies":[{"embeddable":true,"href":"https:\/\/www.epicerie-lasource.org\/magasin\/wp-json\/wp\/v2\/comments?post=24415"}],"wp:featuredmedia":[{"embeddable":true,"href":"https:\/\/www.epicerie-lasource.org\/magasin\/wp-json\/wp\/v2\/media\/24581"}],"wp:attachment":[{"href":"https:\/\/www.epicerie-lasource.org\/magasin\/wp-json\/wp\/v2\/media?parent=24415"}],"wp:term":[{"taxonomy":"product_cat","embeddable":true,"href":"https:\/\/www.epicerie-lasource.org\/magasin\/wp-json\/wp\/v2\/product_cat?post=24415"},{"taxonomy":"product_tag","embeddable":true,"href":"https:\/\/www.epicerie-lasource.org\/magasin\/wp-json\/wp\/v2\/product_tag?post=24415"}],"curies":[{"name":"wp","href":"https:\/\/api.w.org\/{rel}","templated":true}]}}