{"id":24340,"date":"2022-01-16T16:32:43","date_gmt":"2022-01-16T15:32:43","guid":{"rendered":"https:\/\/www.epicerie-lasource.org\/magasin\/?post_type=product&#038;p=24340"},"modified":"2026-03-30T20:09:30","modified_gmt":"2026-03-30T18:09:30","slug":"galettes-de-riz-chocolat-lait-bio-paquet-100g","status":"publish","type":"product","link":"https:\/\/www.epicerie-lasource.org\/magasin\/produit\/galettes-de-riz-chocolat-lait-bio-paquet-100g\/","title":{"rendered":"Galettes de riz chocolat Lait BIO paquet 100g"},"content":{"rendered":"","protected":false},"excerpt":{"rendered":"<p>Ingr\u00e9dients<\/p>\n<p>Chocolat au LAIT (sucre de canne, beurre de cacao, cr\u00e8me de LAIT, emulsifiant E322), riz, gra\u00eene de S\u00c9SAMES, sel.<br \/>\nLes ingr\u00e9dients renseign\u00e9s en majuscule attestent des allerg\u00e8nes pr\u00e9sents dans le ou les produits.<br \/>\nValeurs nutritionnelles<\/p>\n<p>Energie 2070kj \/494kcal,<\/p>\n<p>Mati\u00e8res grasses 24g dont acides gras satur\u00e9s 14g,<\/p>\n<p>Glucides 62g dont sucres 29g,<\/p>\n<p>Fibre 2.6g,<\/p>\n<p>Prot\u00e9ines 7.1g,<\/p>\n<p>Sel 0.23g.<\/p>\n","protected":false},"featured_media":24280,"comment_status":"closed","ping_status":"closed","template":"","meta":[],"product_cat":[64,693],"product_tag":[],"supplier_id":23966,"supplier_sku":"","atum_controlled":true,"out_stock_date":null,"out_stock_threshold":null,"inheritable":false,"inbound_stock":0,"stock_on_hold":0,"sold_today":0,"sales_last_days":7.8,"out_stock_days":0,"lost_sales":0,"has_location":false,"update_date":"2026-04-04T22:05:45","atum_locations":[],"atum_stock_status":"instock","restock_status":false,"low_stock_amount":12,"sales_update_date":"2026-04-04T22:05:45","calc_backorders":null,"_links":{"self":[{"href":"https:\/\/www.epicerie-lasource.org\/magasin\/wp-json\/wp\/v2\/product\/24340"}],"collection":[{"href":"https:\/\/www.epicerie-lasource.org\/magasin\/wp-json\/wp\/v2\/product"}],"about":[{"href":"https:\/\/www.epicerie-lasource.org\/magasin\/wp-json\/wp\/v2\/types\/product"}],"replies":[{"embeddable":true,"href":"https:\/\/www.epicerie-lasource.org\/magasin\/wp-json\/wp\/v2\/comments?post=24340"}],"wp:featuredmedia":[{"embeddable":true,"href":"https:\/\/www.epicerie-lasource.org\/magasin\/wp-json\/wp\/v2\/media\/24280"}],"wp:attachment":[{"href":"https:\/\/www.epicerie-lasource.org\/magasin\/wp-json\/wp\/v2\/media?parent=24340"}],"wp:term":[{"taxonomy":"product_cat","embeddable":true,"href":"https:\/\/www.epicerie-lasource.org\/magasin\/wp-json\/wp\/v2\/product_cat?post=24340"},{"taxonomy":"product_tag","embeddable":true,"href":"https:\/\/www.epicerie-lasource.org\/magasin\/wp-json\/wp\/v2\/product_tag?post=24340"}],"curies":[{"name":"wp","href":"https:\/\/api.w.org\/{rel}","templated":true}]}}