{"id":24339,"date":"2022-01-16T16:30:22","date_gmt":"2022-01-16T15:30:22","guid":{"rendered":"https:\/\/www.epicerie-lasource.org\/magasin\/?post_type=product&#038;p=24339"},"modified":"2026-03-25T17:32:04","modified_gmt":"2026-03-25T16:32:04","slug":"galettes-de-riz-chocolat-noir-bio-paquet-100g","status":"publish","type":"product","link":"https:\/\/www.epicerie-lasource.org\/magasin\/produit\/galettes-de-riz-chocolat-noir-bio-paquet-100g\/","title":{"rendered":"Galettes de riz chocolat noir BIO paquet 100g"},"content":{"rendered":"","protected":false},"excerpt":{"rendered":"<p>Ingr\u00e9dients<\/p>\n<p>Chocolat noir (cacao,sucre de canne, beurre de cacao), riz, gra\u00eene de s\u00e9sames, sel.<br \/>\nLes ingr\u00e9dients renseign\u00e9s en majuscule attestent des allerg\u00e8nes pr\u00e9sents dans le ou les produits.<br \/>\nValeurs nutritionnelles<\/p>\n<p>Energie 1609kj \/380kcal,<\/p>\n<p>Mati\u00e8res grasses 2.7g dont acides gras satur\u00e9s 0.6g,<\/p>\n<p>Glucides 79g dont sucres 0.6g,<\/p>\n<p>Fibre 3.5g,<\/p>\n<p>Prot\u00e9ines 8.4g,<\/p>\n<p>Sel 0.32g.<\/p>\n","protected":false},"featured_media":24278,"comment_status":"closed","ping_status":"closed","template":"","meta":[],"product_cat":[64,693],"product_tag":[],"supplier_id":23966,"supplier_sku":"","atum_controlled":true,"out_stock_date":null,"out_stock_threshold":null,"inheritable":false,"inbound_stock":0,"stock_on_hold":0,"sold_today":0,"sales_last_days":2,"out_stock_days":0,"lost_sales":0,"has_location":false,"update_date":"2026-04-04T22:06:37","atum_locations":[],"atum_stock_status":"instock","restock_status":false,"low_stock_amount":5,"sales_update_date":"2026-04-04T22:06:37","calc_backorders":0,"_links":{"self":[{"href":"https:\/\/www.epicerie-lasource.org\/magasin\/wp-json\/wp\/v2\/product\/24339"}],"collection":[{"href":"https:\/\/www.epicerie-lasource.org\/magasin\/wp-json\/wp\/v2\/product"}],"about":[{"href":"https:\/\/www.epicerie-lasource.org\/magasin\/wp-json\/wp\/v2\/types\/product"}],"replies":[{"embeddable":true,"href":"https:\/\/www.epicerie-lasource.org\/magasin\/wp-json\/wp\/v2\/comments?post=24339"}],"wp:featuredmedia":[{"embeddable":true,"href":"https:\/\/www.epicerie-lasource.org\/magasin\/wp-json\/wp\/v2\/media\/24278"}],"wp:attachment":[{"href":"https:\/\/www.epicerie-lasource.org\/magasin\/wp-json\/wp\/v2\/media?parent=24339"}],"wp:term":[{"taxonomy":"product_cat","embeddable":true,"href":"https:\/\/www.epicerie-lasource.org\/magasin\/wp-json\/wp\/v2\/product_cat?post=24339"},{"taxonomy":"product_tag","embeddable":true,"href":"https:\/\/www.epicerie-lasource.org\/magasin\/wp-json\/wp\/v2\/product_tag?post=24339"}],"curies":[{"name":"wp","href":"https:\/\/api.w.org\/{rel}","templated":true}]}}