{"id":24335,"date":"2022-01-16T16:21:57","date_gmt":"2022-01-16T15:21:57","guid":{"rendered":"https:\/\/www.epicerie-lasource.org\/magasin\/?post_type=product&#038;p=24335"},"modified":"2026-04-01T17:27:28","modified_gmt":"2026-04-01T15:27:28","slug":"confiture-mirabelles-de-lorraine-pot-315g","status":"publish","type":"product","link":"https:\/\/www.epicerie-lasource.org\/magasin\/produit\/confiture-mirabelles-de-lorraine-pot-315g\/","title":{"rendered":"Confiture mirabelles de Lorraine pot 315g"},"content":{"rendered":"","protected":false},"excerpt":{"rendered":"<p>Ingr\u00e9dients<\/p>\n<p>Ingr\u00e9dients : &#8211; Mirabelles de Lorraine 55 g &#8211; sucre de canne &#8211; g\u00e9lifiant : pectine de fruits &#8211; acidifiant : acide citrique Pour 100g de produit fini : pr\u00e9par\u00e9e avec 55 g de fruits ; teneur totale en sucres : 56 g. Poids net : 315 g Allerg\u00e8nes selon Directive 2005\/26\/CE : Aucune incorporation directe d\u2019allerg\u00e8ne. Traces \u00e9ventuelles de fruits \u00e0 coque et de lait. pH indicatif : 2,7 \u00e0 4,1. Absence d\u2019OGM, non ionis\u00e9. Physique : Texture souple \u00e0 g\u00e9lifi\u00e9e. Go\u00fbt et couleur caract\u00e9ristiques du fruit. Microbiologique : Il s\u2019agit d\u2019une conserve : stable \u00e0 temp\u00e9rature ambiante (Test stabilit\u00e9 selon NF V08-408) Conservation : Avant ouverture : \u00e0 conserver \u00e0 temp\u00e9rature ambiante.<br \/>\nApr\u00e8s ouverture : \u00e0 conserver (maximum 10 jours) au r\u00e9frig\u00e9rateur. A consommer de pr\u00e9f\u00e9rence avant : voir date sous le pot.<br \/>\nDate Limite d\u2019Utilisation Optimale (DLUO) : 2 ans.<br \/>\nLes ingr\u00e9dients renseign\u00e9s en majuscule attestent des allerg\u00e8nes pr\u00e9sents dans le ou les produits.<br \/>\nValeurs nutritionnelles<\/p>\n<p>Caract\u00e9ristiques : Valeurs nutritionnelles pour 100g de produit fini : Energie : 223 Kcal \u2013947 KJ Prot\u00e9ines : 0,4 g \u2013 Glucides 55,4 g \u2013 Lipides : 0,2 g Chimique : Extrait sec r\u00e9fractom\u00e9trique : 56 g pour 100 g.<\/p>\n","protected":false},"featured_media":24272,"comment_status":"closed","ping_status":"closed","template":"","meta":[],"product_cat":[64,697],"product_tag":[],"supplier_id":23966,"supplier_sku":"","atum_controlled":true,"out_stock_date":null,"out_stock_threshold":null,"inheritable":false,"inbound_stock":0,"stock_on_hold":0,"sold_today":0,"sales_last_days":3,"out_stock_days":0,"lost_sales":0,"has_location":false,"update_date":"2026-04-09T22:12:15","atum_locations":[],"atum_stock_status":"onbackorder","restock_status":false,"low_stock_amount":2,"sales_update_date":"2026-04-09T22:12:15","calc_backorders":-1,"_links":{"self":[{"href":"https:\/\/www.epicerie-lasource.org\/magasin\/wp-json\/wp\/v2\/product\/24335"}],"collection":[{"href":"https:\/\/www.epicerie-lasource.org\/magasin\/wp-json\/wp\/v2\/product"}],"about":[{"href":"https:\/\/www.epicerie-lasource.org\/magasin\/wp-json\/wp\/v2\/types\/product"}],"replies":[{"embeddable":true,"href":"https:\/\/www.epicerie-lasource.org\/magasin\/wp-json\/wp\/v2\/comments?post=24335"}],"wp:featuredmedia":[{"embeddable":true,"href":"https:\/\/www.epicerie-lasource.org\/magasin\/wp-json\/wp\/v2\/media\/24272"}],"wp:attachment":[{"href":"https:\/\/www.epicerie-lasource.org\/magasin\/wp-json\/wp\/v2\/media?parent=24335"}],"wp:term":[{"taxonomy":"product_cat","embeddable":true,"href":"https:\/\/www.epicerie-lasource.org\/magasin\/wp-json\/wp\/v2\/product_cat?post=24335"},{"taxonomy":"product_tag","embeddable":true,"href":"https:\/\/www.epicerie-lasource.org\/magasin\/wp-json\/wp\/v2\/product_tag?post=24335"}],"curies":[{"name":"wp","href":"https:\/\/api.w.org\/{rel}","templated":true}]}}