{"id":24334,"date":"2022-01-16T16:18:38","date_gmt":"2022-01-16T15:18:38","guid":{"rendered":"https:\/\/www.epicerie-lasource.org\/magasin\/?post_type=product&#038;p=24334"},"modified":"2026-04-13T16:46:13","modified_gmt":"2026-04-13T14:46:13","slug":"creme-de-marrons-dardeche-pot-250g","status":"publish","type":"product","link":"https:\/\/www.epicerie-lasource.org\/magasin\/produit\/creme-de-marrons-dardeche-pot-250g\/","title":{"rendered":"Cr\u00e8me de marrons d&rsquo;Ard\u00e8che pot 250g"},"content":{"rendered":"","protected":false},"excerpt":{"rendered":"<p>Ingr\u00e9dients<\/p>\n<p>Ingr\u00e9dients: ch\u00e2taignes (50%) [CEE], sucre (47%) [CEE], sirop de glucose (1,09%) [CEE], marrons glac\u00e9s \u00e9cras\u00e9s (1%) [France], eau (0,9%), ar\u00f4me naturel vanille (0,01%)<br \/>\nLes ingr\u00e9dients renseign\u00e9s en majuscule attestent des allerg\u00e8nes pr\u00e9sents dans le ou les produits.<br \/>\nValeurs nutritionnelles<\/p>\n<p>Energie : 1147 kj 270 kcal Glucides : 63.6 g dont sucres : 0.6 g<br \/>\nMatieres grasses 0.8 g dont acides gras satures 0.2 g<br \/>\nProteines 1.3 g Sel &lt;0.01 g<\/p>\n","protected":false},"featured_media":24274,"comment_status":"closed","ping_status":"closed","template":"","meta":[],"product_cat":[64,697,692],"product_tag":[],"supplier_id":23966,"supplier_sku":"","atum_controlled":true,"out_stock_date":null,"out_stock_threshold":null,"inheritable":false,"inbound_stock":0,"stock_on_hold":0,"sold_today":0,"sales_last_days":2,"out_stock_days":0,"lost_sales":0,"has_location":false,"update_date":"2026-05-02T22:28:18","atum_locations":[],"atum_stock_status":"instock","restock_status":false,"low_stock_amount":1,"sales_update_date":"2026-05-02T22:28:17","calc_backorders":0,"_links":{"self":[{"href":"https:\/\/www.epicerie-lasource.org\/magasin\/wp-json\/wp\/v2\/product\/24334"}],"collection":[{"href":"https:\/\/www.epicerie-lasource.org\/magasin\/wp-json\/wp\/v2\/product"}],"about":[{"href":"https:\/\/www.epicerie-lasource.org\/magasin\/wp-json\/wp\/v2\/types\/product"}],"replies":[{"embeddable":true,"href":"https:\/\/www.epicerie-lasource.org\/magasin\/wp-json\/wp\/v2\/comments?post=24334"}],"wp:featuredmedia":[{"embeddable":true,"href":"https:\/\/www.epicerie-lasource.org\/magasin\/wp-json\/wp\/v2\/media\/24274"}],"wp:attachment":[{"href":"https:\/\/www.epicerie-lasource.org\/magasin\/wp-json\/wp\/v2\/media?parent=24334"}],"wp:term":[{"taxonomy":"product_cat","embeddable":true,"href":"https:\/\/www.epicerie-lasource.org\/magasin\/wp-json\/wp\/v2\/product_cat?post=24334"},{"taxonomy":"product_tag","embeddable":true,"href":"https:\/\/www.epicerie-lasource.org\/magasin\/wp-json\/wp\/v2\/product_tag?post=24334"}],"curies":[{"name":"wp","href":"https:\/\/api.w.org\/{rel}","templated":true}]}}