{"id":24332,"date":"2022-01-16T15:51:42","date_gmt":"2022-01-16T14:51:42","guid":{"rendered":"https:\/\/www.epicerie-lasource.org\/magasin\/?post_type=product&#038;p=24332"},"modified":"2026-05-05T11:24:21","modified_gmt":"2026-05-05T09:24:21","slug":"cafe-expresso-classique-paquet-36-dosettes","status":"publish","type":"product","link":"https:\/\/www.epicerie-lasource.org\/magasin\/produit\/cafe-expresso-classique-paquet-36-dosettes\/","title":{"rendered":"Caf\u00e9 expresso classique paquet 36 dosettes"},"content":{"rendered":"","protected":false},"excerpt":{"rendered":"<p>Ingr\u00e9dients<\/p>\n<p>80% caf\u00e9 Arabica, 20% caf\u00e9 Robusta<br \/>\nLes ingr\u00e9dients renseign\u00e9s en majuscule attestent des allerg\u00e8nes pr\u00e9sents dans le ou les produits.<br \/>\nValeurs nutritionnelles<br \/>\nInformations produits<\/p>\n<p>\u00c0 conserver dans un endroit frais et sec, \u00e0 l\u2019abri de la chaleur et de la lumi\u00e8re.<\/p>\n","protected":false},"featured_media":24275,"comment_status":"closed","ping_status":"closed","template":"","meta":[],"product_cat":[180,713],"product_tag":[],"supplier_id":23966,"supplier_sku":"","atum_controlled":true,"out_stock_date":null,"out_stock_threshold":null,"inheritable":false,"inbound_stock":0,"stock_on_hold":1,"sold_today":0,"sales_last_days":21,"out_stock_days":0,"lost_sales":0,"has_location":false,"update_date":"2026-05-06T22:30:38","atum_locations":[],"atum_stock_status":"onbackorder","restock_status":false,"low_stock_amount":15,"sales_update_date":"2026-05-06T22:30:38","calc_backorders":-100,"_links":{"self":[{"href":"https:\/\/www.epicerie-lasource.org\/magasin\/wp-json\/wp\/v2\/product\/24332"}],"collection":[{"href":"https:\/\/www.epicerie-lasource.org\/magasin\/wp-json\/wp\/v2\/product"}],"about":[{"href":"https:\/\/www.epicerie-lasource.org\/magasin\/wp-json\/wp\/v2\/types\/product"}],"replies":[{"embeddable":true,"href":"https:\/\/www.epicerie-lasource.org\/magasin\/wp-json\/wp\/v2\/comments?post=24332"}],"wp:featuredmedia":[{"embeddable":true,"href":"https:\/\/www.epicerie-lasource.org\/magasin\/wp-json\/wp\/v2\/media\/24275"}],"wp:attachment":[{"href":"https:\/\/www.epicerie-lasource.org\/magasin\/wp-json\/wp\/v2\/media?parent=24332"}],"wp:term":[{"taxonomy":"product_cat","embeddable":true,"href":"https:\/\/www.epicerie-lasource.org\/magasin\/wp-json\/wp\/v2\/product_cat?post=24332"},{"taxonomy":"product_tag","embeddable":true,"href":"https:\/\/www.epicerie-lasource.org\/magasin\/wp-json\/wp\/v2\/product_tag?post=24332"}],"curies":[{"name":"wp","href":"https:\/\/api.w.org\/{rel}","templated":true}]}}