{"id":24312,"date":"2022-01-16T13:29:46","date_gmt":"2022-01-16T12:29:46","guid":{"rendered":"https:\/\/www.epicerie-lasource.org\/magasin\/?post_type=product&#038;p=24312"},"modified":"2026-03-04T15:24:53","modified_gmt":"2026-03-04T14:24:53","slug":"moutarde-de-dijon-bio-ma-pincee-de-bio-pot-200g","status":"publish","type":"product","link":"https:\/\/www.epicerie-lasource.org\/magasin\/produit\/moutarde-de-dijon-bio-ma-pincee-de-bio-pot-200g\/","title":{"rendered":"Moutarde de Dijon BIO Ma Pinc\u00e9e de Bio pot 200g"},"content":{"rendered":"","protected":false},"excerpt":{"rendered":"<p>Ingr\u00e9dients<\/p>\n<p>Graines de moutarde*, eau, vinaigre de cidre*, sel. *Ingr\u00e9dients issus de l&rsquo;agriculture biologique.<br \/>\nLes ingr\u00e9dients renseign\u00e9s en majuscule attestent des allerg\u00e8nes pr\u00e9sents dans le ou les produits.<br \/>\nValeurs nutritionnelles<\/p>\n<p>Energie 765kj \/ 184kcal,<\/p>\n<p>Mati\u00e8res grasses 14g dont acides gras satur\u00e9s 1.1g,<\/p>\n<p>Glucides 4.5g dont sucres 2.5g,<\/p>\n<p>Prot\u00e9ines 7.8g,<\/p>\n<p>Sel 5.1g<br \/>\nInformations produits<\/p>\n<p>\u00c0 r\u00e9frig\u00e9rer apr\u00e8s ouverture et \u00e0 consommer dans les 3 mois.<\/p>\n","protected":false},"featured_media":24283,"comment_status":"closed","ping_status":"closed","template":"","meta":[],"product_cat":[704],"product_tag":[],"supplier_id":23966,"supplier_sku":"","atum_controlled":true,"out_stock_date":null,"out_stock_threshold":null,"inheritable":false,"inbound_stock":0,"stock_on_hold":0,"sold_today":0,"sales_last_days":0,"out_stock_days":0,"lost_sales":0,"has_location":false,"update_date":"2026-04-07T22:06:35","atum_locations":[],"atum_stock_status":"outofstock","restock_status":false,"low_stock_amount":6,"sales_update_date":"2026-04-07T22:06:35","calc_backorders":null,"_links":{"self":[{"href":"https:\/\/www.epicerie-lasource.org\/magasin\/wp-json\/wp\/v2\/product\/24312"}],"collection":[{"href":"https:\/\/www.epicerie-lasource.org\/magasin\/wp-json\/wp\/v2\/product"}],"about":[{"href":"https:\/\/www.epicerie-lasource.org\/magasin\/wp-json\/wp\/v2\/types\/product"}],"replies":[{"embeddable":true,"href":"https:\/\/www.epicerie-lasource.org\/magasin\/wp-json\/wp\/v2\/comments?post=24312"}],"wp:featuredmedia":[{"embeddable":true,"href":"https:\/\/www.epicerie-lasource.org\/magasin\/wp-json\/wp\/v2\/media\/24283"}],"wp:attachment":[{"href":"https:\/\/www.epicerie-lasource.org\/magasin\/wp-json\/wp\/v2\/media?parent=24312"}],"wp:term":[{"taxonomy":"product_cat","embeddable":true,"href":"https:\/\/www.epicerie-lasource.org\/magasin\/wp-json\/wp\/v2\/product_cat?post=24312"},{"taxonomy":"product_tag","embeddable":true,"href":"https:\/\/www.epicerie-lasource.org\/magasin\/wp-json\/wp\/v2\/product_tag?post=24312"}],"curies":[{"name":"wp","href":"https:\/\/api.w.org\/{rel}","templated":true}]}}