{"id":24302,"date":"2022-01-15T22:56:24","date_gmt":"2022-01-15T21:56:24","guid":{"rendered":"https:\/\/www.epicerie-lasource.org\/magasin\/?post_type=product&#038;p=24302"},"modified":"2026-04-01T20:11:12","modified_gmt":"2026-04-01T18:11:12","slug":"champignons-paris-entiers-france-boite-1-2","status":"publish","type":"product","link":"https:\/\/www.epicerie-lasource.org\/magasin\/produit\/champignons-paris-entiers-france-boite-1-2\/","title":{"rendered":"Champignons Paris entiers France bo\u00eete 1\/2"},"content":{"rendered":"","protected":false},"excerpt":{"rendered":"<p>Ingr\u00e9dients<\/p>\n<p>Champignons de Paris (Agaricus bisporus), eau, sel, acidifiant : acide citrique, antioxydant : acide ascorbique.<\/p>\n<p>Origine France, conditionn\u00e9s en France.<br \/>\nLes ingr\u00e9dients renseign\u00e9s en majuscule attestent des allerg\u00e8nes pr\u00e9sents dans le ou les produits.<br \/>\nValeurs nutritionnelles<\/p>\n<p>Energie 76 kJ \/ 18 kcal,<\/p>\n<p>Mati\u00e8res grasses &lt;0.5g dont aicdes gras satur\u00e9s 0.1g,<\/p>\n<p>Glucides 0.9g dont sucres &lt;0.5g,<\/p>\n<p>Prot\u00e9ines 1.7g,<\/p>\n<p>Sel 0.61g.<br \/>\nInformations produits<\/p>\n<p>\u00c0 conserver \u00e0 l&rsquo;abri de la chaleur, de la lumi\u00e8re et de l&rsquo;humidit\u00e9.<\/p>\n<p>Apr\u00e8s ouverture, \u00e0 conserver au r\u00e9frig\u00e9rateur dans un emballage alimentaire herm\u00e9tique et \u00e0 consommer dans les 2 jours.<\/p>\n","protected":false},"featured_media":24267,"comment_status":"closed","ping_status":"closed","template":"","meta":[],"product_cat":[708],"product_tag":[],"supplier_id":23966,"supplier_sku":"","atum_controlled":true,"out_stock_date":null,"out_stock_threshold":null,"inheritable":false,"inbound_stock":0,"stock_on_hold":0,"sold_today":0,"sales_last_days":0,"out_stock_days":0,"lost_sales":0,"has_location":false,"update_date":"2026-05-01T22:30:14","atum_locations":[],"atum_stock_status":"instock","restock_status":false,"low_stock_amount":2,"sales_update_date":"2026-05-01T22:30:14","calc_backorders":0,"_links":{"self":[{"href":"https:\/\/www.epicerie-lasource.org\/magasin\/wp-json\/wp\/v2\/product\/24302"}],"collection":[{"href":"https:\/\/www.epicerie-lasource.org\/magasin\/wp-json\/wp\/v2\/product"}],"about":[{"href":"https:\/\/www.epicerie-lasource.org\/magasin\/wp-json\/wp\/v2\/types\/product"}],"replies":[{"embeddable":true,"href":"https:\/\/www.epicerie-lasource.org\/magasin\/wp-json\/wp\/v2\/comments?post=24302"}],"wp:featuredmedia":[{"embeddable":true,"href":"https:\/\/www.epicerie-lasource.org\/magasin\/wp-json\/wp\/v2\/media\/24267"}],"wp:attachment":[{"href":"https:\/\/www.epicerie-lasource.org\/magasin\/wp-json\/wp\/v2\/media?parent=24302"}],"wp:term":[{"taxonomy":"product_cat","embeddable":true,"href":"https:\/\/www.epicerie-lasource.org\/magasin\/wp-json\/wp\/v2\/product_cat?post=24302"},{"taxonomy":"product_tag","embeddable":true,"href":"https:\/\/www.epicerie-lasource.org\/magasin\/wp-json\/wp\/v2\/product_tag?post=24302"}],"curies":[{"name":"wp","href":"https:\/\/api.w.org\/{rel}","templated":true}]}}