{"id":24150,"date":"2022-01-12T14:02:24","date_gmt":"2022-01-12T13:02:24","guid":{"rendered":"https:\/\/www.epicerie-lasource.org\/magasin\/?post_type=product&#038;p=24150"},"modified":"2026-04-10T13:14:00","modified_gmt":"2026-04-10T11:14:00","slug":"shorle-rhubarbe-pimpante-les-filles-de-louest-bio-33-cl","status":"publish","type":"product","link":"https:\/\/www.epicerie-lasource.org\/magasin\/produit\/shorle-rhubarbe-pimpante-les-filles-de-louest-bio-33-cl\/","title":{"rendered":"Schorle Rhubarbe Pimpante Les Filles de l&rsquo;Ouest Bio 33 cl"},"content":{"rendered":"","protected":false},"excerpt":{"rendered":"<p>L&rsquo;originalit\u00e9 de ce \u00ab Schorle \u00bb est la Rhubarbe elle-m\u00eame. La couleur rouge presque framboise et l\u2019ar\u00f4me unique de ce fruit (qui est en fait une plante) sont atypiques. Elle est en m\u00eame temps l\u00e9g\u00e8rement am\u00e8re et tr\u00e8s acidul\u00e9e.<\/p>\n<p>La Rhubarbe Pimpante vous s\u00e9duira par sa fra\u00eecheur et la puissance de son parfum, son intensit\u00e9 et son bel \u00e9quilibre sucre et acidit\u00e9.<\/p>\n<p>Ingr\u00e9dients : Jus de rhubarbe bio, jus de cassis bio, sucre, eau, co2.<\/p>\n","protected":false},"featured_media":24582,"comment_status":"closed","ping_status":"closed","template":"","meta":[],"product_cat":[22,681],"product_tag":[],"supplier_id":23768,"supplier_sku":"","atum_controlled":true,"out_stock_date":null,"out_stock_threshold":null,"inheritable":false,"inbound_stock":0,"stock_on_hold":0,"sold_today":0,"sales_last_days":4,"out_stock_days":0,"lost_sales":0,"has_location":false,"update_date":"2026-05-04T22:30:17","atum_locations":[],"atum_stock_status":"onbackorder","restock_status":false,"low_stock_amount":"","sales_update_date":"2026-05-04T22:30:17","calc_backorders":-1,"_links":{"self":[{"href":"https:\/\/www.epicerie-lasource.org\/magasin\/wp-json\/wp\/v2\/product\/24150"}],"collection":[{"href":"https:\/\/www.epicerie-lasource.org\/magasin\/wp-json\/wp\/v2\/product"}],"about":[{"href":"https:\/\/www.epicerie-lasource.org\/magasin\/wp-json\/wp\/v2\/types\/product"}],"replies":[{"embeddable":true,"href":"https:\/\/www.epicerie-lasource.org\/magasin\/wp-json\/wp\/v2\/comments?post=24150"}],"wp:featuredmedia":[{"embeddable":true,"href":"https:\/\/www.epicerie-lasource.org\/magasin\/wp-json\/wp\/v2\/media\/24582"}],"wp:attachment":[{"href":"https:\/\/www.epicerie-lasource.org\/magasin\/wp-json\/wp\/v2\/media?parent=24150"}],"wp:term":[{"taxonomy":"product_cat","embeddable":true,"href":"https:\/\/www.epicerie-lasource.org\/magasin\/wp-json\/wp\/v2\/product_cat?post=24150"},{"taxonomy":"product_tag","embeddable":true,"href":"https:\/\/www.epicerie-lasource.org\/magasin\/wp-json\/wp\/v2\/product_tag?post=24150"}],"curies":[{"name":"wp","href":"https:\/\/api.w.org\/{rel}","templated":true}]}}