{"id":24126,"date":"2022-01-11T23:33:27","date_gmt":"2022-01-11T22:33:27","guid":{"rendered":"https:\/\/www.epicerie-lasource.org\/magasin\/?post_type=product&#038;p=24126"},"modified":"2026-04-16T10:21:08","modified_gmt":"2026-04-16T08:21:08","slug":"raisins-enrobes-trois-chocolats-au-choix","status":"publish","type":"product","link":"https:\/\/www.epicerie-lasource.org\/magasin\/produit\/raisins-enrobes-trois-chocolats-au-choix\/","title":{"rendered":"Vrac- Raisins enrob\u00e9s trois chocolats"},"content":{"rendered":"","protected":false},"excerpt":{"rendered":"<p>M\u00e9lange de raisins secs enrob\u00e9es aux chocolats blanc, lait et noir.<br \/>\nIngr\u00e9dients<\/p>\n<p>Raisins 40%, chocolat noir (sucre, p\u00e2te de cacao, beurre de cacao, \u00e9mulsifiant : l\u00e9cithine de SOJA, vanilline), chocolat au lait (sucre, beurre de cacao, LAIT entier en poudre, p\u00e2te de cacao, \u00e9mulsifiant : l\u00e9cithine de SOJA, vanilline), chocolat blanc (sucre, beurre de cacao, LAIT entier en poudre, \u00e9mulsifiant : l\u00e9cithine de SOJA, vanilline), agents d\u2019enrobage : E414 (gomme arabique, sucre, sirop de glucose, eau), E904 (huile de noix de coco, gomme laque, \u00e9thanol). % total des 3 chocolats : 60%.<br \/>\nLes ingr\u00e9dients renseign\u00e9s en majuscule attestent des allerg\u00e8nes pr\u00e9sents dans le ou les produits.<br \/>\nValeurs nutritionnelles<\/p>\n<p>Energie 1908kJ \/ 456kcal,<\/p>\n<p>Mati\u00e8res grasses 30g dont acides gras satur\u00e9s 15g,<\/p>\n<p>Glucides 48g dont sucres 45g,<\/p>\n<p>Prot\u00e9ines 4.0g,<\/p>\n<p>Sel 0.09g.<br \/>\nInformations produits<\/p>\n<p>A conserver \u00e0 l&rsquo;abri de la chaleur, de la lumi\u00e8re et de l&rsquo;humidit\u00e9.<\/p>\n<p>10.80 EURO LE KILO<\/p>\n","protected":false},"featured_media":25008,"comment_status":"closed","ping_status":"closed","template":"","meta":[],"product_cat":[715,64,691],"product_tag":[],"supplier_id":null,"supplier_sku":"","atum_controlled":true,"out_stock_date":null,"out_stock_threshold":null,"inheritable":true,"inbound_stock":0,"stock_on_hold":0,"sold_today":0,"sales_last_days":2,"out_stock_days":0,"lost_sales":0,"has_location":false,"update_date":"2026-04-29T22:28:00","atum_locations":[],"atum_stock_status":"onbackorder","restock_status":false,"low_stock_amount":"","sales_update_date":"2026-04-29T22:28:00","calc_backorders":-16.656,"_links":{"self":[{"href":"https:\/\/www.epicerie-lasource.org\/magasin\/wp-json\/wp\/v2\/product\/24126"}],"collection":[{"href":"https:\/\/www.epicerie-lasource.org\/magasin\/wp-json\/wp\/v2\/product"}],"about":[{"href":"https:\/\/www.epicerie-lasource.org\/magasin\/wp-json\/wp\/v2\/types\/product"}],"replies":[{"embeddable":true,"href":"https:\/\/www.epicerie-lasource.org\/magasin\/wp-json\/wp\/v2\/comments?post=24126"}],"wp:featuredmedia":[{"embeddable":true,"href":"https:\/\/www.epicerie-lasource.org\/magasin\/wp-json\/wp\/v2\/media\/25008"}],"wp:attachment":[{"href":"https:\/\/www.epicerie-lasource.org\/magasin\/wp-json\/wp\/v2\/media?parent=24126"}],"wp:term":[{"taxonomy":"product_cat","embeddable":true,"href":"https:\/\/www.epicerie-lasource.org\/magasin\/wp-json\/wp\/v2\/product_cat?post=24126"},{"taxonomy":"product_tag","embeddable":true,"href":"https:\/\/www.epicerie-lasource.org\/magasin\/wp-json\/wp\/v2\/product_tag?post=24126"}],"curies":[{"name":"wp","href":"https:\/\/api.w.org\/{rel}","templated":true}]}}