{"id":24117,"date":"2022-01-11T23:20:06","date_gmt":"2022-01-11T22:20:06","guid":{"rendered":"https:\/\/www.epicerie-lasource.org\/magasin\/?post_type=product&#038;p=24117"},"modified":"2026-04-01T15:34:39","modified_gmt":"2026-04-01T13:34:39","slug":"biscuits-avoine-citron-chia-bio-france-pqt-130g","status":"publish","type":"product","link":"https:\/\/www.epicerie-lasource.org\/magasin\/produit\/biscuits-avoine-citron-chia-bio-france-pqt-130g\/","title":{"rendered":"Biscuits avoine, citron &amp; chia BIO France pqt 130g"},"content":{"rendered":"","protected":false},"excerpt":{"rendered":"<p>Ingr\u00e9dients<\/p>\n<p>Farine de BL\u00c9* compl\u00e8te, eau, farine de BL\u00c9*, graisse v\u00e9g\u00e9tale*, levure, sel, GLUTEN DE BL\u00c9*. *Ingr\u00e9dients issus de l&rsquo;agriculture biologique.<br \/>\nLes ingr\u00e9dients renseign\u00e9s en majuscule attestent des allerg\u00e8nes pr\u00e9sents dans le ou les produits.<br \/>\nValeurs nutritionnelles<\/p>\n<p>Energie 1800kj \/ 440kcal,<\/p>\n<p>Mati\u00e8res grasses 12g dont acides gras satur\u00e9s 0.9g,<\/p>\n<p>Glucides 65g dont sucres 0.9g,<\/p>\n<p>Fibres 8.7g,<\/p>\n<p>Prot\u00e9ines 12g,<\/p>\n<p>Sel 0.9g.<br \/>\nInformations produits<\/p>\n<p>\u00c0 conserver \u00e0 l&rsquo;abri de la chaleur, de la lumi\u00e8re et de l&rsquo;humidit\u00e9.<\/p>\n","protected":false},"featured_media":24105,"comment_status":"closed","ping_status":"closed","template":"","meta":[],"product_cat":[64,693],"product_tag":[],"supplier_id":23966,"supplier_sku":"","atum_controlled":true,"out_stock_date":null,"out_stock_threshold":null,"inheritable":false,"inbound_stock":0,"stock_on_hold":0,"sold_today":0,"sales_last_days":6,"out_stock_days":0,"lost_sales":0,"has_location":false,"update_date":"2026-04-04T22:05:36","atum_locations":[],"atum_stock_status":"onbackorder","restock_status":false,"low_stock_amount":10,"sales_update_date":"2026-04-04T22:05:36","calc_backorders":-21,"_links":{"self":[{"href":"https:\/\/www.epicerie-lasource.org\/magasin\/wp-json\/wp\/v2\/product\/24117"}],"collection":[{"href":"https:\/\/www.epicerie-lasource.org\/magasin\/wp-json\/wp\/v2\/product"}],"about":[{"href":"https:\/\/www.epicerie-lasource.org\/magasin\/wp-json\/wp\/v2\/types\/product"}],"replies":[{"embeddable":true,"href":"https:\/\/www.epicerie-lasource.org\/magasin\/wp-json\/wp\/v2\/comments?post=24117"}],"wp:featuredmedia":[{"embeddable":true,"href":"https:\/\/www.epicerie-lasource.org\/magasin\/wp-json\/wp\/v2\/media\/24105"}],"wp:attachment":[{"href":"https:\/\/www.epicerie-lasource.org\/magasin\/wp-json\/wp\/v2\/media?parent=24117"}],"wp:term":[{"taxonomy":"product_cat","embeddable":true,"href":"https:\/\/www.epicerie-lasource.org\/magasin\/wp-json\/wp\/v2\/product_cat?post=24117"},{"taxonomy":"product_tag","embeddable":true,"href":"https:\/\/www.epicerie-lasource.org\/magasin\/wp-json\/wp\/v2\/product_tag?post=24117"}],"curies":[{"name":"wp","href":"https:\/\/api.w.org\/{rel}","templated":true}]}}