{"id":24116,"date":"2022-01-11T23:20:03","date_gmt":"2022-01-11T22:20:03","guid":{"rendered":"https:\/\/www.epicerie-lasource.org\/magasin\/?post_type=product&#038;p=24116"},"modified":"2026-03-25T20:29:36","modified_gmt":"2026-03-25T19:29:36","slug":"biscuits-nappes-chocolat-lait-bio-paquet-200g","status":"publish","type":"product","link":"https:\/\/www.epicerie-lasource.org\/magasin\/produit\/biscuits-nappes-chocolat-lait-bio-paquet-200g\/","title":{"rendered":"Biscuits napp\u00e9s chocolat lait BIO paquet 200g"},"content":{"rendered":"","protected":false},"excerpt":{"rendered":"<p>Ingr\u00e9dients<\/p>\n<p>Farine de BL\u00c9*, chocolat au LAIT* 25% (sucre*, poudre de LAIT entier *, BEURRE de cacao*, p\u00e2te de cacao*, extrait de vanille*), huile de palme(1), sucre*, poudre de LAIT \u00e9cr\u00e9m\u00e9*, sirop de glucose-fructose*, noix de coco*, poudres \u00e0 lever : carbonates de sodium &#8211; carbonates d\u2019ammonium, sel marin, ar\u00f4me naturel de vanille, \u0152UFS en poudre*. (1) Huile de palme issue de l\u2019agriculture biologique et durable RSPO. *Ingr\u00e9dients issus de l\u2019agriculture biologique.<br \/>\nLes ingr\u00e9dients renseign\u00e9s en majuscule attestent des allerg\u00e8nes pr\u00e9sents dans le ou les produits.<br \/>\nValeurs nutritionnelles<\/p>\n<p>Energie 2074kj \/ 495kcal,<br \/>\nMati\u00e8res grasses 23g dont acides gras satur\u00e9s 12g,<br \/>\nGlucides 62g dont sucres 26g,<br \/>\nFibres 3g,<br \/>\nProt\u00e9ines 8.5g,<br \/>\nSel 0.65 g.<br \/>\nInformations produits<\/p>\n<p>\u00c0 conserver \u00e0 l&rsquo;abri de la chaleur et de l&rsquo;humidit\u00e9.<\/p>\n<p>Traces possibles d&rsquo;autres fruits \u00e0 coque, de soja, de s\u00e9same et d&rsquo;arachides.<\/p>\n","protected":false},"featured_media":24121,"comment_status":"closed","ping_status":"closed","template":"","meta":[],"product_cat":[64,693],"product_tag":[],"supplier_id":23966,"supplier_sku":"","atum_controlled":true,"out_stock_date":null,"out_stock_threshold":null,"inheritable":false,"inbound_stock":0,"stock_on_hold":0,"sold_today":0,"sales_last_days":3,"out_stock_days":0,"lost_sales":0,"has_location":false,"update_date":"2026-04-04T22:06:40","atum_locations":[],"atum_stock_status":"instock","restock_status":false,"low_stock_amount":3,"sales_update_date":"2026-04-04T22:06:40","calc_backorders":0,"_links":{"self":[{"href":"https:\/\/www.epicerie-lasource.org\/magasin\/wp-json\/wp\/v2\/product\/24116"}],"collection":[{"href":"https:\/\/www.epicerie-lasource.org\/magasin\/wp-json\/wp\/v2\/product"}],"about":[{"href":"https:\/\/www.epicerie-lasource.org\/magasin\/wp-json\/wp\/v2\/types\/product"}],"replies":[{"embeddable":true,"href":"https:\/\/www.epicerie-lasource.org\/magasin\/wp-json\/wp\/v2\/comments?post=24116"}],"wp:featuredmedia":[{"embeddable":true,"href":"https:\/\/www.epicerie-lasource.org\/magasin\/wp-json\/wp\/v2\/media\/24121"}],"wp:attachment":[{"href":"https:\/\/www.epicerie-lasource.org\/magasin\/wp-json\/wp\/v2\/media?parent=24116"}],"wp:term":[{"taxonomy":"product_cat","embeddable":true,"href":"https:\/\/www.epicerie-lasource.org\/magasin\/wp-json\/wp\/v2\/product_cat?post=24116"},{"taxonomy":"product_tag","embeddable":true,"href":"https:\/\/www.epicerie-lasource.org\/magasin\/wp-json\/wp\/v2\/product_tag?post=24116"}],"curies":[{"name":"wp","href":"https:\/\/api.w.org\/{rel}","templated":true}]}}