{"id":24115,"date":"2022-01-11T23:19:59","date_gmt":"2022-01-11T22:19:59","guid":{"rendered":"https:\/\/www.epicerie-lasource.org\/magasin\/?post_type=product&#038;p=24115"},"modified":"2026-04-02T12:19:42","modified_gmt":"2026-04-02T10:19:42","slug":"biscuits-fourres-cacao-bio-paquet-185g","status":"publish","type":"product","link":"https:\/\/www.epicerie-lasource.org\/magasin\/produit\/biscuits-fourres-cacao-bio-paquet-185g\/","title":{"rendered":"Biscuits fourr\u00e9s cacao BIO paquet 185g"},"content":{"rendered":"","protected":false},"excerpt":{"rendered":"<p>Ingr\u00e9dients<\/p>\n<p>Farine de BL\u00c9*, sucre de canne*, huile de tournesol*, poudre de cacao* 6%, poudre de LAIT \u00e9cr\u00e9m\u00e9*, beurre de cacao*, \u0152UFS entiers*, BEURRE*, sel marin, poudres \u00e0 lever : carbonates d\u2019ammonium et de sodium, \u00e9paississant : gomme d\u2019acacia*, amidon de BL\u00c9*.<br \/>\n*Ingr\u00e9dients issus de l\u2019agriculture biologique.<\/p>\n<p>Les ingr\u00e9dients renseign\u00e9s en majuscule attestent des allerg\u00e8nes pr\u00e9sents dans le ou les produits.<br \/>\nValeurs nutritionnelles<\/p>\n<p>Energie 1996kj \/ 476kcal,<\/p>\n<p>Mati\u00e8res grasses 9.9g dont acides gras satur\u00e9s 6g,<\/p>\n<p>Glucides 63.5g dont sucres 28.4g,<\/p>\n<p>Fibres 4.3g,<\/p>\n<p>Prot\u00e9ines 8.4g<\/p>\n<p>Sel 0.57g.<br \/>\nInformations produits<\/p>\n<p>\u00c0 conserver \u00e0 l\u2019abri de la chaleur et de l\u2019humidit\u00e9.<\/p>\n<p>Traces possibles d&rsquo;autres fruits \u00e0 coque et de s\u00e9same.<\/p>\n","protected":false},"featured_media":24104,"comment_status":"closed","ping_status":"closed","template":"","meta":[],"product_cat":[64,693],"product_tag":[],"supplier_id":23966,"supplier_sku":"","atum_controlled":true,"out_stock_date":null,"out_stock_threshold":null,"inheritable":false,"inbound_stock":0,"stock_on_hold":0,"sold_today":0,"sales_last_days":6,"out_stock_days":0,"lost_sales":0,"has_location":false,"update_date":"2026-04-05T22:05:30","atum_locations":[],"atum_stock_status":"instock","restock_status":false,"low_stock_amount":6,"sales_update_date":"2026-04-05T22:05:30","calc_backorders":0,"_links":{"self":[{"href":"https:\/\/www.epicerie-lasource.org\/magasin\/wp-json\/wp\/v2\/product\/24115"}],"collection":[{"href":"https:\/\/www.epicerie-lasource.org\/magasin\/wp-json\/wp\/v2\/product"}],"about":[{"href":"https:\/\/www.epicerie-lasource.org\/magasin\/wp-json\/wp\/v2\/types\/product"}],"replies":[{"embeddable":true,"href":"https:\/\/www.epicerie-lasource.org\/magasin\/wp-json\/wp\/v2\/comments?post=24115"}],"wp:featuredmedia":[{"embeddable":true,"href":"https:\/\/www.epicerie-lasource.org\/magasin\/wp-json\/wp\/v2\/media\/24104"}],"wp:attachment":[{"href":"https:\/\/www.epicerie-lasource.org\/magasin\/wp-json\/wp\/v2\/media?parent=24115"}],"wp:term":[{"taxonomy":"product_cat","embeddable":true,"href":"https:\/\/www.epicerie-lasource.org\/magasin\/wp-json\/wp\/v2\/product_cat?post=24115"},{"taxonomy":"product_tag","embeddable":true,"href":"https:\/\/www.epicerie-lasource.org\/magasin\/wp-json\/wp\/v2\/product_tag?post=24115"}],"curies":[{"name":"wp","href":"https:\/\/api.w.org\/{rel}","templated":true}]}}