{"id":24114,"date":"2022-01-11T23:19:56","date_gmt":"2022-01-11T22:19:56","guid":{"rendered":"https:\/\/www.epicerie-lasource.org\/magasin\/?post_type=product&#038;p=24114"},"modified":"2026-04-01T20:30:10","modified_gmt":"2026-04-01T18:30:10","slug":"biscuits-tablette-chocolat-au-lait-bio-paquet-150g","status":"publish","type":"product","link":"https:\/\/www.epicerie-lasource.org\/magasin\/produit\/biscuits-tablette-chocolat-au-lait-bio-paquet-150g\/","title":{"rendered":"Biscuits tablette chocolat au lait BIO paquet 150g"},"content":{"rendered":"","protected":false},"excerpt":{"rendered":"<p>Ingr\u00e9dients<\/p>\n<p>Chocolat au LAIT 48% (sucre de canne*, BEURRE de cacao*, poudre de LAIT entier*, p\u00e2te de cacao*), farine de BL\u00c9* 36%, sucre de canne*, graisse de palme*, poudres \u00e0 lever (carbonates d&rsquo;ammonium et de sodium, tartares de potassium), LAIT \u00e9cr\u00e9m\u00e9 en poudre*, sel marin non raffin\u00e9, ar\u00f4me naturel. *Ingr\u00e9dients issus de l&rsquo;agriculture biologique.<br \/>\nLes ingr\u00e9dients renseign\u00e9s en majuscule attestent des allerg\u00e8nes pr\u00e9sents dans le ou les produits.<br \/>\nValeurs nutritionnelles<\/p>\n<p>Energie 2230kj \/ 532kcal,<\/p>\n<p>Mati\u00e8res grasses 27.5g satur\u00e9es 16.5g,<\/p>\n<p>Glucides 63g dont sucres 35.2g,<\/p>\n<p>Fibres 2.5g,<\/p>\n<p>Prot\u00e9ines 7g,<\/p>\n<p>Sel 0.60g.<br \/>\nInformations produits<\/p>\n<p>Les mati\u00e8res premi\u00e8res utilis\u00e9es pour la fabrication de nos biscuits sont conformes \u00e0 la r\u00e8glementation notamment au regard de la dioxine et du seuil maximum d&rsquo;OGM tol\u00e9r\u00e9 pour contamination fortuite. De plus la totalit\u00e9 de notre huile de palme est certifi\u00e9e \u00ab\u00a0segregated\u00a0\u00bb.<\/p>\n<p>Traces possibles de soja, d&rsquo;autres fruits \u00e0 coque et de s\u00e9same.<\/p>\n","protected":false},"featured_media":24102,"comment_status":"closed","ping_status":"closed","template":"","meta":[],"product_cat":[64,693],"product_tag":[],"supplier_id":23966,"supplier_sku":"","atum_controlled":true,"out_stock_date":null,"out_stock_threshold":null,"inheritable":false,"inbound_stock":0,"stock_on_hold":0,"sold_today":0,"sales_last_days":11,"out_stock_days":0,"lost_sales":0,"has_location":false,"update_date":"2026-04-06T22:05:58","atum_locations":[],"atum_stock_status":"onbackorder","restock_status":false,"low_stock_amount":2,"sales_update_date":"2026-04-06T22:05:58","calc_backorders":-7,"_links":{"self":[{"href":"https:\/\/www.epicerie-lasource.org\/magasin\/wp-json\/wp\/v2\/product\/24114"}],"collection":[{"href":"https:\/\/www.epicerie-lasource.org\/magasin\/wp-json\/wp\/v2\/product"}],"about":[{"href":"https:\/\/www.epicerie-lasource.org\/magasin\/wp-json\/wp\/v2\/types\/product"}],"replies":[{"embeddable":true,"href":"https:\/\/www.epicerie-lasource.org\/magasin\/wp-json\/wp\/v2\/comments?post=24114"}],"wp:featuredmedia":[{"embeddable":true,"href":"https:\/\/www.epicerie-lasource.org\/magasin\/wp-json\/wp\/v2\/media\/24102"}],"wp:attachment":[{"href":"https:\/\/www.epicerie-lasource.org\/magasin\/wp-json\/wp\/v2\/media?parent=24114"}],"wp:term":[{"taxonomy":"product_cat","embeddable":true,"href":"https:\/\/www.epicerie-lasource.org\/magasin\/wp-json\/wp\/v2\/product_cat?post=24114"},{"taxonomy":"product_tag","embeddable":true,"href":"https:\/\/www.epicerie-lasource.org\/magasin\/wp-json\/wp\/v2\/product_tag?post=24114"}],"curies":[{"name":"wp","href":"https:\/\/api.w.org\/{rel}","templated":true}]}}