{"id":24067,"date":"2022-01-11T22:14:32","date_gmt":"2022-01-11T21:14:32","guid":{"rendered":"https:\/\/www.epicerie-lasource.org\/magasin\/?post_type=product&#038;p=24067"},"modified":"2026-04-27T19:47:21","modified_gmt":"2026-04-27T17:47:21","slug":"pates-spaghetti-n5-500g-savino-pasta","status":"publish","type":"product","link":"https:\/\/www.epicerie-lasource.org\/magasin\/produit\/pates-spaghetti-n5-500g-savino-pasta\/","title":{"rendered":"P\u00e2tes Spaghetti n\u00b05 500g Savino Pasta"},"content":{"rendered":"","protected":false},"excerpt":{"rendered":"<p>Ingr\u00e9dients<\/p>\n<p>Semoule de BL\u00c9 dur de qualit\u00e9 sup\u00e9rieure.<br \/>\nLes ingr\u00e9dients renseign\u00e9s en majuscule attestent des allerg\u00e8nes pr\u00e9sents dans le ou les produits.<br \/>\nValeurs nutritionnelles<\/p>\n<p>Energie 1476kj \/ 348kcal,<\/p>\n<p>Mati\u00e8res grasses 1.1g dont acides gras satur\u00e9s 0.1g,<\/p>\n<p>Glucides 71g dont sucres 3.5g,<\/p>\n<p>Fibres 3g,<\/p>\n<p>Prot\u00e9ines 12g,<\/p>\n<p>Sel 0.01g.<br \/>\nInformations produits<\/p>\n<p>\u00c0 conserver \u00e0 l&rsquo;abri de la lumi\u00e8re, de la chaleur, et de l&rsquo;humidit\u00e9. Bien refermer le paquet apr\u00e8s ouverture.<\/p>\n<p>Cuisson : Al dente : 10 minutes \/ Fondant : 11 minutes.<\/p>\n<p>Traces possibles d&rsquo;oeuf et de soja.<\/p>\n","protected":false},"featured_media":24061,"comment_status":"closed","ping_status":"closed","template":"","meta":[],"product_cat":[63,700],"product_tag":[],"supplier_id":23966,"supplier_sku":"","atum_controlled":true,"out_stock_date":null,"out_stock_threshold":null,"inheritable":false,"inbound_stock":0,"stock_on_hold":0,"sold_today":0,"sales_last_days":1,"out_stock_days":0,"lost_sales":0,"has_location":false,"update_date":"2026-05-05T22:29:36","atum_locations":[],"atum_stock_status":"instock","restock_status":false,"low_stock_amount":2,"sales_update_date":"2026-05-05T22:29:36","calc_backorders":0,"_links":{"self":[{"href":"https:\/\/www.epicerie-lasource.org\/magasin\/wp-json\/wp\/v2\/product\/24067"}],"collection":[{"href":"https:\/\/www.epicerie-lasource.org\/magasin\/wp-json\/wp\/v2\/product"}],"about":[{"href":"https:\/\/www.epicerie-lasource.org\/magasin\/wp-json\/wp\/v2\/types\/product"}],"replies":[{"embeddable":true,"href":"https:\/\/www.epicerie-lasource.org\/magasin\/wp-json\/wp\/v2\/comments?post=24067"}],"wp:featuredmedia":[{"embeddable":true,"href":"https:\/\/www.epicerie-lasource.org\/magasin\/wp-json\/wp\/v2\/media\/24061"}],"wp:attachment":[{"href":"https:\/\/www.epicerie-lasource.org\/magasin\/wp-json\/wp\/v2\/media?parent=24067"}],"wp:term":[{"taxonomy":"product_cat","embeddable":true,"href":"https:\/\/www.epicerie-lasource.org\/magasin\/wp-json\/wp\/v2\/product_cat?post=24067"},{"taxonomy":"product_tag","embeddable":true,"href":"https:\/\/www.epicerie-lasource.org\/magasin\/wp-json\/wp\/v2\/product_tag?post=24067"}],"curies":[{"name":"wp","href":"https:\/\/api.w.org\/{rel}","templated":true}]}}