{"id":24041,"date":"2022-01-11T21:42:28","date_gmt":"2022-01-11T20:42:28","guid":{"rendered":"https:\/\/www.epicerie-lasource.org\/magasin\/?post_type=product&#038;p=24041"},"modified":"2026-04-08T21:37:32","modified_gmt":"2026-04-08T19:37:32","slug":"petit-pois-bio-france-720ml","status":"publish","type":"product","link":"https:\/\/www.epicerie-lasource.org\/magasin\/produit\/petit-pois-bio-france-720ml\/","title":{"rendered":"Petit pois BIO France 720ml"},"content":{"rendered":"","protected":false},"excerpt":{"rendered":"<p>Ingr\u00e9dients<\/p>\n<p>Petits pois*, eau, sel de mer.<\/p>\n<p>*Ingr\u00e9dient issu de l&rsquo;agriculture biologique.<br \/>\nLes ingr\u00e9dients renseign\u00e9s en majuscule attestent des allerg\u00e8nes pr\u00e9sents dans le ou les produits.<br \/>\nValeurs nutritionnelles<\/p>\n<p>Energie 340 kJ \/ 81 kcal,<\/p>\n<p>Mati\u00e8res grasses 0.9g dont acides gras satur\u00e9s 0.2g,<\/p>\n<p>Glucides 10g dont sucres 2.0g,<\/p>\n<p>Fibres alimentaires 5.4g,<\/p>\n<p>Prot\u00e9ines 5.5g,<\/p>\n<p>Sel 0.60g.<\/p>\n<p>Informations produits<\/p>\n<p>\u00c0 conserver \u00e0 l&rsquo;abri de la chaleur, de la lumi\u00e8re et de l&rsquo;humidit\u00e9. Apr\u00e8s ouverture, \u00e0 conserver au r\u00e9frig\u00e9rateur dans un emballage alimentaire herm\u00e9tique et \u00e0 consommer dans les 2 jours.<\/p>\n<p>Source de fibres.<\/p>\n","protected":false},"featured_media":24042,"comment_status":"closed","ping_status":"closed","template":"","meta":[],"product_cat":[63,708],"product_tag":[],"supplier_id":23966,"supplier_sku":"","atum_controlled":true,"out_stock_date":null,"out_stock_threshold":null,"inheritable":false,"inbound_stock":0,"stock_on_hold":0,"sold_today":0,"sales_last_days":1,"out_stock_days":0,"lost_sales":0,"has_location":false,"update_date":"2026-05-01T22:27:46","atum_locations":[],"atum_stock_status":"instock","restock_status":false,"low_stock_amount":2,"sales_update_date":"2026-05-01T22:27:46","calc_backorders":0,"_links":{"self":[{"href":"https:\/\/www.epicerie-lasource.org\/magasin\/wp-json\/wp\/v2\/product\/24041"}],"collection":[{"href":"https:\/\/www.epicerie-lasource.org\/magasin\/wp-json\/wp\/v2\/product"}],"about":[{"href":"https:\/\/www.epicerie-lasource.org\/magasin\/wp-json\/wp\/v2\/types\/product"}],"replies":[{"embeddable":true,"href":"https:\/\/www.epicerie-lasource.org\/magasin\/wp-json\/wp\/v2\/comments?post=24041"}],"wp:featuredmedia":[{"embeddable":true,"href":"https:\/\/www.epicerie-lasource.org\/magasin\/wp-json\/wp\/v2\/media\/24042"}],"wp:attachment":[{"href":"https:\/\/www.epicerie-lasource.org\/magasin\/wp-json\/wp\/v2\/media?parent=24041"}],"wp:term":[{"taxonomy":"product_cat","embeddable":true,"href":"https:\/\/www.epicerie-lasource.org\/magasin\/wp-json\/wp\/v2\/product_cat?post=24041"},{"taxonomy":"product_tag","embeddable":true,"href":"https:\/\/www.epicerie-lasource.org\/magasin\/wp-json\/wp\/v2\/product_tag?post=24041"}],"curies":[{"name":"wp","href":"https:\/\/api.w.org\/{rel}","templated":true}]}}