{"id":24040,"date":"2022-01-11T21:42:24","date_gmt":"2022-01-11T20:42:24","guid":{"rendered":"https:\/\/www.epicerie-lasource.org\/magasin\/?post_type=product&#038;p=24040"},"modified":"2026-03-13T17:29:07","modified_gmt":"2026-03-13T16:29:07","slug":"petit-pois-jeunes-carottes-france-720ml","status":"publish","type":"product","link":"https:\/\/www.epicerie-lasource.org\/magasin\/produit\/petit-pois-jeunes-carottes-france-720ml\/","title":{"rendered":"Petit pois &amp; jeunes carottes France 720ml"},"content":{"rendered":"","protected":false},"excerpt":{"rendered":"<p>ngr\u00e9dients<\/p>\n<p>L\u00e9gumes en proportion variable (petits pois, carottes), eau, sucre, sel.<br \/>\nLes ingr\u00e9dients renseign\u00e9s en majuscule attestent des allerg\u00e8nes pr\u00e9sents dans le ou les produits.<br \/>\nValeurs nutritionnelles<\/p>\n<p>\u00c9nergie 244kj \/ 58kcal,<\/p>\n<p>Mati\u00e8res grasses 0 g dont acides gras satur\u00e9s 0g,<\/p>\n<p>Glucides 8.3g dont sucres 3.0g,<\/p>\n<p>Fibres alimentaires 4.3 g,<\/p>\n<p>Prot\u00e9ines 4.0g,<\/p>\n<p>Sel 0.50g.<br \/>\nInformations produits<\/p>\n<p>A conserver \u00e0 temp\u00e9rature ambiante et \u00e0 l\u2019abri de l\u2019humidit\u00e9 et de toute variation de temp\u00e9rature.<\/p>\n","protected":false},"featured_media":24043,"comment_status":"closed","ping_status":"closed","template":"","meta":[],"product_cat":[63,708],"product_tag":[],"supplier_id":23966,"supplier_sku":"","atum_controlled":true,"out_stock_date":null,"out_stock_threshold":null,"inheritable":false,"inbound_stock":0,"stock_on_hold":0,"sold_today":0,"sales_last_days":0,"out_stock_days":0,"lost_sales":0,"has_location":false,"update_date":"2026-05-01T22:28:27","atum_locations":[],"atum_stock_status":"outofstock","restock_status":false,"low_stock_amount":18,"sales_update_date":"2026-05-01T22:28:27","calc_backorders":null,"_links":{"self":[{"href":"https:\/\/www.epicerie-lasource.org\/magasin\/wp-json\/wp\/v2\/product\/24040"}],"collection":[{"href":"https:\/\/www.epicerie-lasource.org\/magasin\/wp-json\/wp\/v2\/product"}],"about":[{"href":"https:\/\/www.epicerie-lasource.org\/magasin\/wp-json\/wp\/v2\/types\/product"}],"replies":[{"embeddable":true,"href":"https:\/\/www.epicerie-lasource.org\/magasin\/wp-json\/wp\/v2\/comments?post=24040"}],"wp:featuredmedia":[{"embeddable":true,"href":"https:\/\/www.epicerie-lasource.org\/magasin\/wp-json\/wp\/v2\/media\/24043"}],"wp:attachment":[{"href":"https:\/\/www.epicerie-lasource.org\/magasin\/wp-json\/wp\/v2\/media?parent=24040"}],"wp:term":[{"taxonomy":"product_cat","embeddable":true,"href":"https:\/\/www.epicerie-lasource.org\/magasin\/wp-json\/wp\/v2\/product_cat?post=24040"},{"taxonomy":"product_tag","embeddable":true,"href":"https:\/\/www.epicerie-lasource.org\/magasin\/wp-json\/wp\/v2\/product_tag?post=24040"}],"curies":[{"name":"wp","href":"https:\/\/api.w.org\/{rel}","templated":true}]}}