{"id":24038,"date":"2022-01-11T21:42:15","date_gmt":"2022-01-11T20:42:15","guid":{"rendered":"https:\/\/www.epicerie-lasource.org\/magasin\/?post_type=product&#038;p=24038"},"modified":"2026-04-27T12:33:43","modified_gmt":"2026-04-27T10:33:43","slug":"petit-pois-extra-fin-france-bocal-720ml","status":"publish","type":"product","link":"https:\/\/www.epicerie-lasource.org\/magasin\/produit\/petit-pois-extra-fin-france-bocal-720ml\/","title":{"rendered":"Petit pois extra-fin France bocal 720ml"},"content":{"rendered":"","protected":false},"excerpt":{"rendered":"<p>Ingr\u00e9dients<\/p>\n<p>Petits pois, eau, sucre, sel.<br \/>\nLes ingr\u00e9dients renseign\u00e9s en majuscule attestent des allerg\u00e8nes pr\u00e9sents dans le ou les produits.<br \/>\nValeurs nutritionnelles<\/p>\n<p>Energie 338kJ \/ 80 kcal,<\/p>\n<p>Mati\u00e8res grasses 0.6g dont acides gras satur\u00e9s 0g,<\/p>\n<p>Glucides 11g dont sucres 2.6g,<\/p>\n<p>Fibres alimentaires 5.1g,<\/p>\n<p>Prot\u00e9ines 5.2g,<\/p>\n<p>Sel 0.45g.<br \/>\nInformations produits<\/p>\n<p>Poids net: 660gr\u00a0 \u00a0 \u00a0Poids net \u00e9goutt\u00e9 : 445gr<\/p>\n<p>A conserver \u00e0 temp\u00e9rature ambiante et \u00e0 l\u2019abri de l\u2019humidit\u00e9 et de toute variation de temp\u00e9rature.<\/p>\n","protected":false},"featured_media":24044,"comment_status":"closed","ping_status":"closed","template":"","meta":[],"product_cat":[63,708],"product_tag":[],"supplier_id":23966,"supplier_sku":"","atum_controlled":true,"out_stock_date":null,"out_stock_threshold":null,"inheritable":false,"inbound_stock":0,"stock_on_hold":0,"sold_today":0,"sales_last_days":4,"out_stock_days":0,"lost_sales":0,"has_location":false,"update_date":"2026-05-01T22:29:46","atum_locations":[],"atum_stock_status":"onbackorder","restock_status":false,"low_stock_amount":2,"sales_update_date":"2026-05-01T22:29:46","calc_backorders":-5,"_links":{"self":[{"href":"https:\/\/www.epicerie-lasource.org\/magasin\/wp-json\/wp\/v2\/product\/24038"}],"collection":[{"href":"https:\/\/www.epicerie-lasource.org\/magasin\/wp-json\/wp\/v2\/product"}],"about":[{"href":"https:\/\/www.epicerie-lasource.org\/magasin\/wp-json\/wp\/v2\/types\/product"}],"replies":[{"embeddable":true,"href":"https:\/\/www.epicerie-lasource.org\/magasin\/wp-json\/wp\/v2\/comments?post=24038"}],"wp:featuredmedia":[{"embeddable":true,"href":"https:\/\/www.epicerie-lasource.org\/magasin\/wp-json\/wp\/v2\/media\/24044"}],"wp:attachment":[{"href":"https:\/\/www.epicerie-lasource.org\/magasin\/wp-json\/wp\/v2\/media?parent=24038"}],"wp:term":[{"taxonomy":"product_cat","embeddable":true,"href":"https:\/\/www.epicerie-lasource.org\/magasin\/wp-json\/wp\/v2\/product_cat?post=24038"},{"taxonomy":"product_tag","embeddable":true,"href":"https:\/\/www.epicerie-lasource.org\/magasin\/wp-json\/wp\/v2\/product_tag?post=24038"}],"curies":[{"name":"wp","href":"https:\/\/api.w.org\/{rel}","templated":true}]}}