{"id":24022,"date":"2022-01-11T21:16:21","date_gmt":"2022-01-11T20:16:21","guid":{"rendered":"https:\/\/www.epicerie-lasource.org\/magasin\/?post_type=product&#038;p=24022"},"modified":"2026-01-25T11:07:28","modified_gmt":"2026-01-25T10:07:28","slug":"poires-williams-au-sirop-leger-bocal-300g","status":"publish","type":"product","link":"https:\/\/www.epicerie-lasource.org\/magasin\/produit\/poires-williams-au-sirop-leger-bocal-300g\/","title":{"rendered":"Poires Williams au sirop l\u00e9ger bocal 300g"},"content":{"rendered":"","protected":false},"excerpt":{"rendered":"<p>Ingr\u00e9dients<\/p>\n<p>Poire, eau, sucre, acidifiant (acide citrique), antioxydant (acide ascorbique).<br \/>\nLes ingr\u00e9dients renseign\u00e9s en majuscule attestent des allerg\u00e8nes pr\u00e9sents dans le ou les produits.<br \/>\nValeurs nutritionnelles<\/p>\n<p>Energie 250 kJ \/ 60 kcal<\/p>\n<p>Mati\u00e8res grasses &lt;0.5g dont acides gras satur\u00e9s 0g<\/p>\n<p>Glucides 13g dont sucres 11g<\/p>\n<p>Prot\u00e9ines &lt;0.5g<\/p>\n<p>Sel 0.01g<br \/>\nInformations produits<\/p>\n<p>\u00c0 conserver \u00e0 l&rsquo;abri de la chaleur, de la lumi\u00e8re et de l&rsquo;humidit\u00e9. Apr\u00e8s ouverture, \u00e0 conserver au r\u00e9frig\u00e9rateur dans le sirop 3 jours maximum.<\/p>\n","protected":false},"featured_media":24029,"comment_status":"closed","ping_status":"closed","template":"","meta":[],"product_cat":[731,64,696],"product_tag":[],"supplier_id":23966,"supplier_sku":"","atum_controlled":true,"out_stock_date":null,"out_stock_threshold":null,"inheritable":false,"inbound_stock":0,"stock_on_hold":0,"sold_today":0,"sales_last_days":0,"out_stock_days":0,"lost_sales":0,"has_location":false,"update_date":"2026-04-10T22:10:50","atum_locations":[],"atum_stock_status":"onbackorder","restock_status":false,"low_stock_amount":2,"sales_update_date":"2026-04-10T22:10:50","calc_backorders":-1,"_links":{"self":[{"href":"https:\/\/www.epicerie-lasource.org\/magasin\/wp-json\/wp\/v2\/product\/24022"}],"collection":[{"href":"https:\/\/www.epicerie-lasource.org\/magasin\/wp-json\/wp\/v2\/product"}],"about":[{"href":"https:\/\/www.epicerie-lasource.org\/magasin\/wp-json\/wp\/v2\/types\/product"}],"replies":[{"embeddable":true,"href":"https:\/\/www.epicerie-lasource.org\/magasin\/wp-json\/wp\/v2\/comments?post=24022"}],"wp:featuredmedia":[{"embeddable":true,"href":"https:\/\/www.epicerie-lasource.org\/magasin\/wp-json\/wp\/v2\/media\/24029"}],"wp:attachment":[{"href":"https:\/\/www.epicerie-lasource.org\/magasin\/wp-json\/wp\/v2\/media?parent=24022"}],"wp:term":[{"taxonomy":"product_cat","embeddable":true,"href":"https:\/\/www.epicerie-lasource.org\/magasin\/wp-json\/wp\/v2\/product_cat?post=24022"},{"taxonomy":"product_tag","embeddable":true,"href":"https:\/\/www.epicerie-lasource.org\/magasin\/wp-json\/wp\/v2\/product_tag?post=24022"}],"curies":[{"name":"wp","href":"https:\/\/api.w.org\/{rel}","templated":true}]}}