{"id":24021,"date":"2022-01-11T21:16:18","date_gmt":"2022-01-11T20:16:18","guid":{"rendered":"https:\/\/www.epicerie-lasource.org\/magasin\/?post_type=product&#038;p=24021"},"modified":"2025-12-17T21:05:44","modified_gmt":"2025-12-17T20:05:44","slug":"abricots-au-sirop-leger-bocal-400g","status":"publish","type":"product","link":"https:\/\/www.epicerie-lasource.org\/magasin\/produit\/abricots-au-sirop-leger-bocal-400g\/","title":{"rendered":"Abricots au sirop l\u00e9ger bocal 400g"},"content":{"rendered":"","protected":false},"excerpt":{"rendered":"<p>Ingr\u00e9dients<\/p>\n<p>Sucre de canne*, eau, jus de citron \u00e0 base de concentr\u00e9* 16%, acidifiant : acide citrique, ar\u00f4me naturel de citron avec autres ar\u00f4mes naturels, ar\u00f4me naturel de limette. *Ingr\u00e9dients issus de l&rsquo;agriculture biologique.<br \/>\nLes ingr\u00e9dients renseign\u00e9s en majuscule attestent des allerg\u00e8nes pr\u00e9sents dans le ou les produits.<br \/>\nValeurs nutritionnelles<\/p>\n<p>Energie 1095kj \/ 258kcal,<\/p>\n<p>Mati\u00e8res grasses &lt;0.5g dont acides gras satur\u00e9s &lt;0.1g,<\/p>\n<p>Glucides 64.4g dont sucres 64.3g,<\/p>\n<p>Prot\u00e9ines &lt;0.5g,<\/p>\n<p>Sel 0.02g.<br \/>\nInformations produits<\/p>\n<p>Apr\u00e8s ouverture, conservez au frais et consommez de pr\u00e9f\u00e9rence sous 2 mois<\/p>\n","protected":false},"featured_media":24028,"comment_status":"closed","ping_status":"closed","template":"","meta":[],"product_cat":[731,64,696],"product_tag":[],"supplier_id":23966,"supplier_sku":"","atum_controlled":true,"out_stock_date":null,"out_stock_threshold":null,"inheritable":false,"inbound_stock":0,"stock_on_hold":0,"sold_today":0,"sales_last_days":0,"out_stock_days":0,"lost_sales":0,"has_location":false,"update_date":"2026-04-11T22:10:56","atum_locations":[],"atum_stock_status":"instock","restock_status":false,"low_stock_amount":2,"sales_update_date":"2026-04-11T22:10:55","calc_backorders":0,"_links":{"self":[{"href":"https:\/\/www.epicerie-lasource.org\/magasin\/wp-json\/wp\/v2\/product\/24021"}],"collection":[{"href":"https:\/\/www.epicerie-lasource.org\/magasin\/wp-json\/wp\/v2\/product"}],"about":[{"href":"https:\/\/www.epicerie-lasource.org\/magasin\/wp-json\/wp\/v2\/types\/product"}],"replies":[{"embeddable":true,"href":"https:\/\/www.epicerie-lasource.org\/magasin\/wp-json\/wp\/v2\/comments?post=24021"}],"wp:featuredmedia":[{"embeddable":true,"href":"https:\/\/www.epicerie-lasource.org\/magasin\/wp-json\/wp\/v2\/media\/24028"}],"wp:attachment":[{"href":"https:\/\/www.epicerie-lasource.org\/magasin\/wp-json\/wp\/v2\/media?parent=24021"}],"wp:term":[{"taxonomy":"product_cat","embeddable":true,"href":"https:\/\/www.epicerie-lasource.org\/magasin\/wp-json\/wp\/v2\/product_cat?post=24021"},{"taxonomy":"product_tag","embeddable":true,"href":"https:\/\/www.epicerie-lasource.org\/magasin\/wp-json\/wp\/v2\/product_tag?post=24021"}],"curies":[{"name":"wp","href":"https:\/\/api.w.org\/{rel}","templated":true}]}}