{"id":23992,"date":"2022-01-11T20:35:09","date_gmt":"2022-01-11T19:35:09","guid":{"rendered":"https:\/\/www.epicerie-lasource.org\/magasin\/?post_type=product&#038;p=23992"},"modified":"2026-01-28T22:10:21","modified_gmt":"2026-01-28T21:10:21","slug":"sirop-de-menthe-bio-france-bouteille-50cl","status":"publish","type":"product","link":"https:\/\/www.epicerie-lasource.org\/magasin\/produit\/sirop-de-menthe-bio-france-bouteille-50cl\/","title":{"rendered":"Sirop de Menthe BIO France bouteille 50cl"},"content":{"rendered":"","protected":false},"excerpt":{"rendered":"<p>Ingr\u00e9dients<\/p>\n<p>Sucre de canne*, eau, ar\u00f4me naturel de menthe. *Ingr\u00e9dients issus de l&rsquo;agriculture biologique.<br \/>\nLes ingr\u00e9dients renseign\u00e9s en majuscule attestent des allerg\u00e8nes pr\u00e9sents dans le ou les produits.<br \/>\nValeurs nutritionnelles<\/p>\n<p>Energie 1 275kj \/ 300kcal,<\/p>\n<p>Mati\u00e8res grasses &lt;0.5g dont acides gras satur\u00e9s &lt;0.1g,<\/p>\n<p>Glucides 75g dont sucres 75g,<\/p>\n<p>Prot\u00e9ines &lt;0.5g,<\/p>\n<p>Sel 0.02g.<br \/>\nInformations produits<\/p>\n<p>Apr\u00e8s ouverture, conservez au frais et consommez de pr\u00e9f\u00e9rence sous 2 mois.<\/p>\n","protected":false},"featured_media":23993,"comment_status":"closed","ping_status":"closed","template":"","meta":[],"product_cat":[22,680],"product_tag":[],"supplier_id":23966,"supplier_sku":"","atum_controlled":true,"out_stock_date":null,"out_stock_threshold":null,"inheritable":false,"inbound_stock":0,"stock_on_hold":0,"sold_today":0,"sales_last_days":0,"out_stock_days":0,"lost_sales":0,"has_location":false,"update_date":"2026-05-05T22:28:41","atum_locations":[],"atum_stock_status":"instock","restock_status":false,"low_stock_amount":2,"sales_update_date":"2026-05-05T22:28:41","calc_backorders":0,"_links":{"self":[{"href":"https:\/\/www.epicerie-lasource.org\/magasin\/wp-json\/wp\/v2\/product\/23992"}],"collection":[{"href":"https:\/\/www.epicerie-lasource.org\/magasin\/wp-json\/wp\/v2\/product"}],"about":[{"href":"https:\/\/www.epicerie-lasource.org\/magasin\/wp-json\/wp\/v2\/types\/product"}],"replies":[{"embeddable":true,"href":"https:\/\/www.epicerie-lasource.org\/magasin\/wp-json\/wp\/v2\/comments?post=23992"}],"wp:featuredmedia":[{"embeddable":true,"href":"https:\/\/www.epicerie-lasource.org\/magasin\/wp-json\/wp\/v2\/media\/23993"}],"wp:attachment":[{"href":"https:\/\/www.epicerie-lasource.org\/magasin\/wp-json\/wp\/v2\/media?parent=23992"}],"wp:term":[{"taxonomy":"product_cat","embeddable":true,"href":"https:\/\/www.epicerie-lasource.org\/magasin\/wp-json\/wp\/v2\/product_cat?post=23992"},{"taxonomy":"product_tag","embeddable":true,"href":"https:\/\/www.epicerie-lasource.org\/magasin\/wp-json\/wp\/v2\/product_tag?post=23992"}],"curies":[{"name":"wp","href":"https:\/\/api.w.org\/{rel}","templated":true}]}}