{"id":23990,"date":"2022-01-11T20:26:57","date_gmt":"2022-01-11T19:26:57","guid":{"rendered":"https:\/\/www.epicerie-lasource.org\/magasin\/?post_type=product&#038;p=23990"},"modified":"2026-05-05T07:52:16","modified_gmt":"2026-05-05T05:52:16","slug":"sirop-de-peche-bio-france-bouteille-50cl","status":"publish","type":"product","link":"https:\/\/www.epicerie-lasource.org\/magasin\/produit\/sirop-de-peche-bio-france-bouteille-50cl\/","title":{"rendered":"Sirop de P\u00eache BIO France bouteille 50cl"},"content":{"rendered":"","protected":false},"excerpt":{"rendered":"<p>Ingr\u00e9dients<\/p>\n<p>Sucre de canne* 60%, eau, jus de fruits \u00e0 base de concentr\u00e9s* 13% (p\u00eache 12%*, cassis*), acidifiant : acide citrique, ar\u00f4me naturel saveur p\u00eache*, extrait de carthame. *Ingr\u00e9dients issus de l&rsquo;agriculture biologique.<br \/>\nLes ingr\u00e9dients renseign\u00e9s en majuscule attestent des allerg\u00e8nes pr\u00e9sents dans le ou les produits.<br \/>\nValeurs nutritionnelles<\/p>\n<p>Energie 1 348kj \/ 317kcal,<\/p>\n<p>Mati\u00e8res grasses &lt;0.5g dont acides gras satur\u00e9s &lt;0.1g,<\/p>\n<p>Glucides 79.3g dont sucres 79.0g,<\/p>\n<p>Prot\u00e9ines &lt;0.5g,<\/p>\n<p>Sel 0.02g.<br \/>\nInformations produits<\/p>\n<p>Apr\u00e8s ouverture, conservez au frais et consommez de pr\u00e9f\u00e9rence sous 2 mois.<\/p>\n","protected":false},"featured_media":23991,"comment_status":"closed","ping_status":"closed","template":"","meta":[],"product_cat":[22,680],"product_tag":[],"supplier_id":23966,"supplier_sku":"","atum_controlled":true,"out_stock_date":null,"out_stock_threshold":null,"inheritable":false,"inbound_stock":0,"stock_on_hold":1,"sold_today":1,"sales_last_days":1,"out_stock_days":0,"lost_sales":0,"has_location":false,"update_date":"2026-05-05T03:52:20","atum_locations":[],"atum_stock_status":"instock","restock_status":false,"low_stock_amount":1,"sales_update_date":"2026-05-05T03:52:20","calc_backorders":0,"_links":{"self":[{"href":"https:\/\/www.epicerie-lasource.org\/magasin\/wp-json\/wp\/v2\/product\/23990"}],"collection":[{"href":"https:\/\/www.epicerie-lasource.org\/magasin\/wp-json\/wp\/v2\/product"}],"about":[{"href":"https:\/\/www.epicerie-lasource.org\/magasin\/wp-json\/wp\/v2\/types\/product"}],"replies":[{"embeddable":true,"href":"https:\/\/www.epicerie-lasource.org\/magasin\/wp-json\/wp\/v2\/comments?post=23990"}],"wp:featuredmedia":[{"embeddable":true,"href":"https:\/\/www.epicerie-lasource.org\/magasin\/wp-json\/wp\/v2\/media\/23991"}],"wp:attachment":[{"href":"https:\/\/www.epicerie-lasource.org\/magasin\/wp-json\/wp\/v2\/media?parent=23990"}],"wp:term":[{"taxonomy":"product_cat","embeddable":true,"href":"https:\/\/www.epicerie-lasource.org\/magasin\/wp-json\/wp\/v2\/product_cat?post=23990"},{"taxonomy":"product_tag","embeddable":true,"href":"https:\/\/www.epicerie-lasource.org\/magasin\/wp-json\/wp\/v2\/product_tag?post=23990"}],"curies":[{"name":"wp","href":"https:\/\/api.w.org\/{rel}","templated":true}]}}