{"id":23957,"date":"2022-01-11T17:14:25","date_gmt":"2022-01-11T16:14:25","guid":{"rendered":"https:\/\/www.epicerie-lasource.org\/magasin\/?post_type=product&#038;p=23957"},"modified":"2026-03-25T18:04:33","modified_gmt":"2026-03-25T17:04:33","slug":"sauce-pesto-genovese-bio-pot-140g","status":"publish","type":"product","link":"https:\/\/www.epicerie-lasource.org\/magasin\/produit\/sauce-pesto-genovese-bio-pot-140g\/","title":{"rendered":"Pesto Alla Genovese BIO pot 140g"},"content":{"rendered":"","protected":false},"excerpt":{"rendered":"<p>Sauce cuisin\u00e9e au basilic, huile d&rsquo;olive vierge extra, noix de cajou et pignon de pin BIO<br \/>\nIngr\u00e9dients<\/p>\n<p>Basilic* 47%, huile de tournesol*, eau, Grana Padano DOP* 7% (LAIT*, sel, pr\u00e9sure), NOIX DE CAJOU* 7%, flocons de pomme de terre* (pommes de terre*, antioxydant : extrait de romarin*), sucre*, vierge extra huile d&rsquo;olive 2%*, sel, correcteur d&rsquo;acidit\u00e9 : acide lactique, pignons 0,5%*, ail*, antioxydant : acide ascorbique.<\/p>\n<p>* Issu de l&rsquo;agriculture biologique.<\/p>\n<p>Les ingr\u00e9dients renseign\u00e9s en majuscule attestent des allerg\u00e8nes pr\u00e9sents dans le ou les produits.<br \/>\nValeurs nutritionnelles<\/p>\n<p>Energie 1200Kcal \/ 290Kcal,<\/p>\n<p>Mati\u00e8res grasses 26g dont acides gras satur\u00e9s 4,0g,<\/p>\n<p>Glucides 7,9g dont sucres 2,9g,<\/p>\n<p>Prot\u00e9ines 5,0g,<\/p>\n<p>Sel 1,6g.<br \/>\nInformations produits<\/p>\n<p>A conserver \u00e0 l&rsquo;abri de la chaleur, de la lumi\u00e8re et de l&rsquo;humidit\u00e9.<\/p>\n<p>Peut contenir des traces de d&rsquo;autres fruits \u00e0 coque, arachides, poisson, oeufs, c\u00e9leri, soja et moutarde.<\/p>\n","protected":false},"featured_media":24796,"comment_status":"closed","ping_status":"closed","template":"","meta":[],"product_cat":[63,704],"product_tag":[],"supplier_id":23966,"supplier_sku":"","atum_controlled":true,"out_stock_date":null,"out_stock_threshold":null,"inheritable":false,"inbound_stock":0,"stock_on_hold":0,"sold_today":0,"sales_last_days":0,"out_stock_days":0,"lost_sales":0,"has_location":false,"update_date":"2026-05-04T22:30:28","atum_locations":[],"atum_stock_status":"onbackorder","restock_status":false,"low_stock_amount":2,"sales_update_date":"2026-05-04T22:30:28","calc_backorders":-17,"_links":{"self":[{"href":"https:\/\/www.epicerie-lasource.org\/magasin\/wp-json\/wp\/v2\/product\/23957"}],"collection":[{"href":"https:\/\/www.epicerie-lasource.org\/magasin\/wp-json\/wp\/v2\/product"}],"about":[{"href":"https:\/\/www.epicerie-lasource.org\/magasin\/wp-json\/wp\/v2\/types\/product"}],"replies":[{"embeddable":true,"href":"https:\/\/www.epicerie-lasource.org\/magasin\/wp-json\/wp\/v2\/comments?post=23957"}],"wp:featuredmedia":[{"embeddable":true,"href":"https:\/\/www.epicerie-lasource.org\/magasin\/wp-json\/wp\/v2\/media\/24796"}],"wp:attachment":[{"href":"https:\/\/www.epicerie-lasource.org\/magasin\/wp-json\/wp\/v2\/media?parent=23957"}],"wp:term":[{"taxonomy":"product_cat","embeddable":true,"href":"https:\/\/www.epicerie-lasource.org\/magasin\/wp-json\/wp\/v2\/product_cat?post=23957"},{"taxonomy":"product_tag","embeddable":true,"href":"https:\/\/www.epicerie-lasource.org\/magasin\/wp-json\/wp\/v2\/product_tag?post=23957"}],"curies":[{"name":"wp","href":"https:\/\/api.w.org\/{rel}","templated":true}]}}