{"id":23684,"date":"2024-11-11T20:49:13","date_gmt":"2024-11-11T19:49:13","guid":{"rendered":"https:\/\/www.epicerie-lasource.org\/magasin\/?post_type=product&#038;p=23684"},"modified":"2025-10-21T18:59:22","modified_gmt":"2025-10-21T16:59:22","slug":"pommes-de-terre-jelly-au-choix-51025kg-la-piece-plaine-de-saveurs","status":"publish","type":"product","link":"https:\/\/www.epicerie-lasource.org\/magasin\/produit\/pommes-de-terre-jelly-au-choix-51025kg-la-piece-plaine-de-saveurs\/","title":{"rendered":"Pommes de terre Jelly au choix 5 ou 10kg  La pi\u00e8ce Plaine de Saveurs"},"content":{"rendered":"","protected":false},"excerpt":{"rendered":"<p>Tr\u00e8s nourrissante \u00e0 la cuisine, la vari\u00e9t\u00e9 Jelly est une surdou\u00e9e. Aussi bien \u00e0 la cuisson \u00e0 l&rsquo;eau, pour la pur\u00e9e, en robe de chambre et en friture. Son tubercule de forme assez ronde et r\u00e9guli\u00e8re est facile \u00e0 \u00e9plucher. La Jelly a une texture qui est moelleuse et sa peau est croustillante en d\u00e9gustation au four<br \/>\nZegerscappel<br \/>\nAu choix 5 Kg, 10 Kg, 25 Kg<\/p>\n","protected":false},"featured_media":23685,"comment_status":"closed","ping_status":"closed","template":"","meta":[],"product_cat":[146],"product_tag":[],"supplier_id":null,"supplier_sku":"","atum_controlled":true,"out_stock_date":null,"out_stock_threshold":null,"inheritable":true,"inbound_stock":0,"stock_on_hold":2,"sold_today":0,"sales_last_days":3,"out_stock_days":0,"lost_sales":0,"has_location":false,"update_date":"2026-05-06T22:30:21","atum_locations":[],"atum_stock_status":"instock","restock_status":false,"low_stock_amount":"","sales_update_date":"2026-05-06T22:30:21","calc_backorders":null,"_links":{"self":[{"href":"https:\/\/www.epicerie-lasource.org\/magasin\/wp-json\/wp\/v2\/product\/23684"}],"collection":[{"href":"https:\/\/www.epicerie-lasource.org\/magasin\/wp-json\/wp\/v2\/product"}],"about":[{"href":"https:\/\/www.epicerie-lasource.org\/magasin\/wp-json\/wp\/v2\/types\/product"}],"replies":[{"embeddable":true,"href":"https:\/\/www.epicerie-lasource.org\/magasin\/wp-json\/wp\/v2\/comments?post=23684"}],"wp:featuredmedia":[{"embeddable":true,"href":"https:\/\/www.epicerie-lasource.org\/magasin\/wp-json\/wp\/v2\/media\/23685"}],"wp:attachment":[{"href":"https:\/\/www.epicerie-lasource.org\/magasin\/wp-json\/wp\/v2\/media?parent=23684"}],"wp:term":[{"taxonomy":"product_cat","embeddable":true,"href":"https:\/\/www.epicerie-lasource.org\/magasin\/wp-json\/wp\/v2\/product_cat?post=23684"},{"taxonomy":"product_tag","embeddable":true,"href":"https:\/\/www.epicerie-lasource.org\/magasin\/wp-json\/wp\/v2\/product_tag?post=23684"}],"curies":[{"name":"wp","href":"https:\/\/api.w.org\/{rel}","templated":true}]}}