{"id":23378,"date":"2021-12-21T13:00:53","date_gmt":"2021-12-21T12:00:53","guid":{"rendered":"https:\/\/www.epicerie-lasource.org\/magasin\/?post_type=product&#038;p=23378"},"modified":"2026-04-26T12:10:26","modified_gmt":"2026-04-26T10:10:26","slug":"lait-de-coco-maigre-15-matiere-grasse-bio-40cl","status":"publish","type":"product","link":"https:\/\/www.epicerie-lasource.org\/magasin\/produit\/lait-de-coco-maigre-15-matiere-grasse-bio-40cl\/","title":{"rendered":"Lait de Coco 15% mati\u00e8re grasse BIO 40cl"},"content":{"rendered":"","protected":false},"excerpt":{"rendered":"<p>Lait de Coco maigre 15% mati\u00e8re grasse BIO 40cl<\/p>\n<p>Lait v\u00e9g\u00e9tal, tr\u00e8s digeste et \u00e9nerg\u00e9tique. Pur \u00e0 plus de 99%, il est d\u00e9licieux et onctueux, car produit \u00e0 partir de noix de coco fraiches et m\u00fbres. Cette version 6% est id\u00e9al\u00a0 comme lait \u00e0 boire ou pour les Mueslis.<\/p>\n<p><strong>Ingr\u00e9dients :<\/strong>\u00a0extraits de coco, gomme guar<\/p>\n","protected":false},"featured_media":11540,"comment_status":"closed","ping_status":"closed","template":"","meta":[],"product_cat":[678,708],"product_tag":[],"supplier_id":23768,"supplier_sku":"","atum_controlled":true,"out_stock_date":null,"out_stock_threshold":null,"inheritable":false,"inbound_stock":0,"stock_on_hold":0,"sold_today":0,"sales_last_days":2,"out_stock_days":0,"lost_sales":0,"has_location":false,"update_date":"2026-05-04T22:30:47","atum_locations":[],"atum_stock_status":"instock","restock_status":false,"low_stock_amount":"","sales_update_date":"2026-05-04T22:30:47","calc_backorders":0,"_links":{"self":[{"href":"https:\/\/www.epicerie-lasource.org\/magasin\/wp-json\/wp\/v2\/product\/23378"}],"collection":[{"href":"https:\/\/www.epicerie-lasource.org\/magasin\/wp-json\/wp\/v2\/product"}],"about":[{"href":"https:\/\/www.epicerie-lasource.org\/magasin\/wp-json\/wp\/v2\/types\/product"}],"replies":[{"embeddable":true,"href":"https:\/\/www.epicerie-lasource.org\/magasin\/wp-json\/wp\/v2\/comments?post=23378"}],"wp:featuredmedia":[{"embeddable":true,"href":"https:\/\/www.epicerie-lasource.org\/magasin\/wp-json\/wp\/v2\/media\/11540"}],"wp:attachment":[{"href":"https:\/\/www.epicerie-lasource.org\/magasin\/wp-json\/wp\/v2\/media?parent=23378"}],"wp:term":[{"taxonomy":"product_cat","embeddable":true,"href":"https:\/\/www.epicerie-lasource.org\/magasin\/wp-json\/wp\/v2\/product_cat?post=23378"},{"taxonomy":"product_tag","embeddable":true,"href":"https:\/\/www.epicerie-lasource.org\/magasin\/wp-json\/wp\/v2\/product_tag?post=23378"}],"curies":[{"name":"wp","href":"https:\/\/api.w.org\/{rel}","templated":true}]}}