{"id":22940,"date":"2021-12-07T13:25:20","date_gmt":"2021-12-07T12:25:20","guid":{"rendered":"https:\/\/www.epicerie-lasource.org\/magasin\/?post_type=product&#038;p=22940"},"modified":"2026-02-25T09:54:22","modified_gmt":"2026-02-25T08:54:22","slug":"pate-piment-gingembre-combava-90-gr","status":"publish","type":"product","link":"https:\/\/www.epicerie-lasource.org\/magasin\/produit\/pate-piment-gingembre-combava-90-gr\/","title":{"rendered":"P\u00e2te piment gingembre Combava -90 gr"},"content":{"rendered":"","protected":false},"excerpt":{"rendered":"<p>D\u00e9couvrez notre d\u00e9licieuse p\u00e2te de piment gingembre combava bio qui pourra relever tous vos plats.<\/p>\n<p>Condiment \u00e0 base de piments, gingembre, ail et zeste de combava frais inspir\u00e9 de la cuisine r\u00e9unionnaise.<br \/>\nFabrication artisanale \u00e0 partir d\u2019ingr\u00e9dients frais cuisin\u00e9s dans notre atelier de Serralongue (Pyr\u00e9n\u00e9es-Orientales)<\/p>\n","protected":false},"featured_media":24624,"comment_status":"closed","ping_status":"closed","template":"","meta":[],"product_cat":[731,707,704],"product_tag":[],"supplier_id":23768,"supplier_sku":"","atum_controlled":true,"out_stock_date":null,"out_stock_threshold":null,"inheritable":false,"inbound_stock":0,"stock_on_hold":0,"sold_today":0,"sales_last_days":0,"out_stock_days":0,"lost_sales":0,"has_location":false,"update_date":"2026-05-05T22:29:52","atum_locations":[],"atum_stock_status":"instock","restock_status":false,"low_stock_amount":"","sales_update_date":"2026-05-05T22:29:52","calc_backorders":0,"_links":{"self":[{"href":"https:\/\/www.epicerie-lasource.org\/magasin\/wp-json\/wp\/v2\/product\/22940"}],"collection":[{"href":"https:\/\/www.epicerie-lasource.org\/magasin\/wp-json\/wp\/v2\/product"}],"about":[{"href":"https:\/\/www.epicerie-lasource.org\/magasin\/wp-json\/wp\/v2\/types\/product"}],"replies":[{"embeddable":true,"href":"https:\/\/www.epicerie-lasource.org\/magasin\/wp-json\/wp\/v2\/comments?post=22940"}],"wp:featuredmedia":[{"embeddable":true,"href":"https:\/\/www.epicerie-lasource.org\/magasin\/wp-json\/wp\/v2\/media\/24624"}],"wp:attachment":[{"href":"https:\/\/www.epicerie-lasource.org\/magasin\/wp-json\/wp\/v2\/media?parent=22940"}],"wp:term":[{"taxonomy":"product_cat","embeddable":true,"href":"https:\/\/www.epicerie-lasource.org\/magasin\/wp-json\/wp\/v2\/product_cat?post=22940"},{"taxonomy":"product_tag","embeddable":true,"href":"https:\/\/www.epicerie-lasource.org\/magasin\/wp-json\/wp\/v2\/product_tag?post=22940"}],"curies":[{"name":"wp","href":"https:\/\/api.w.org\/{rel}","templated":true}]}}