{"id":22917,"date":"2021-12-06T21:34:06","date_gmt":"2021-12-06T20:34:06","guid":{"rendered":"https:\/\/www.epicerie-lasource.org\/magasin\/?post_type=product&#038;p=22917"},"modified":"2026-04-15T16:54:59","modified_gmt":"2026-04-15T14:54:59","slug":"rape-de-coco-maison-du-coco-bio-au-choix","status":"publish","type":"product","link":"https:\/\/www.epicerie-lasource.org\/magasin\/produit\/rape-de-coco-maison-du-coco-bio-au-choix\/","title":{"rendered":"Vrac- R\u00e2p\u00e9 de coco Maison du Coco bio"},"content":{"rendered":"","protected":false},"excerpt":{"rendered":"<p>Coco Rap\u00e9 Bio au choix<br \/>\n250, 500 grs ou au kilo<\/p>\n","protected":false},"featured_media":25009,"comment_status":"closed","ping_status":"closed","template":"","meta":[],"product_cat":[715,64,692],"product_tag":[],"supplier_id":null,"supplier_sku":"","atum_controlled":true,"out_stock_date":null,"out_stock_threshold":null,"inheritable":true,"inbound_stock":0,"stock_on_hold":0,"sold_today":0,"sales_last_days":0.2,"out_stock_days":0,"lost_sales":0,"has_location":false,"update_date":"2026-05-05T22:31:47","atum_locations":[],"atum_stock_status":"onbackorder","restock_status":false,"low_stock_amount":"","sales_update_date":"2026-05-05T22:31:47","calc_backorders":-17.31,"_links":{"self":[{"href":"https:\/\/www.epicerie-lasource.org\/magasin\/wp-json\/wp\/v2\/product\/22917"}],"collection":[{"href":"https:\/\/www.epicerie-lasource.org\/magasin\/wp-json\/wp\/v2\/product"}],"about":[{"href":"https:\/\/www.epicerie-lasource.org\/magasin\/wp-json\/wp\/v2\/types\/product"}],"replies":[{"embeddable":true,"href":"https:\/\/www.epicerie-lasource.org\/magasin\/wp-json\/wp\/v2\/comments?post=22917"}],"wp:featuredmedia":[{"embeddable":true,"href":"https:\/\/www.epicerie-lasource.org\/magasin\/wp-json\/wp\/v2\/media\/25009"}],"wp:attachment":[{"href":"https:\/\/www.epicerie-lasource.org\/magasin\/wp-json\/wp\/v2\/media?parent=22917"}],"wp:term":[{"taxonomy":"product_cat","embeddable":true,"href":"https:\/\/www.epicerie-lasource.org\/magasin\/wp-json\/wp\/v2\/product_cat?post=22917"},{"taxonomy":"product_tag","embeddable":true,"href":"https:\/\/www.epicerie-lasource.org\/magasin\/wp-json\/wp\/v2\/product_tag?post=22917"}],"curies":[{"name":"wp","href":"https:\/\/api.w.org\/{rel}","templated":true}]}}