{"id":22829,"date":"2021-12-02T16:25:46","date_gmt":"2021-12-02T15:25:46","guid":{"rendered":"https:\/\/www.epicerie-lasource.org\/magasin\/?post_type=product&#038;p=22829"},"modified":"2025-12-02T15:38:49","modified_gmt":"2025-12-02T14:38:49","slug":"infusion-petillante-symples-bio-basilic-33-cl","status":"publish","type":"product","link":"https:\/\/www.epicerie-lasource.org\/magasin\/produit\/infusion-petillante-symples-bio-basilic-33-cl\/","title":{"rendered":"Infusion p\u00e9tillante Symples Bio Basilic 33 cl"},"content":{"rendered":"","protected":false},"excerpt":{"rendered":"<p>L&rsquo;infusion p\u00e9tillante d&rsquo;Ocimum Basilicum, ou Basilic, saura vous surprendre par ses notes aromatiques poivr\u00e9es rappelant les \u00e9pices : un v\u00e9ritable voyage olfactif !<\/p>\n<p>Les boissons Symples sont fabriqu\u00e9es en France \u00e0 partir d&rsquo;ingr\u00e9dients soigneusement s\u00e9lectionn\u00e9s et issus de l&rsquo;agriculture biologique. Faibles en calories, elles seront id\u00e9ales pour un rafra\u00eechissement peu sucr\u00e9, id\u00e9al pour les fortes chaleurs.<\/p>\n<p>SYMPLES, PLUS QUE DES BOISSONS, DES POTIONS<br \/>\nSi les potions Symples sont si d\u00e9licieuses, c&rsquo;est que la marque utilise des ingr\u00e9dients se trouvant sous nos pieds, dans nos jardins et dans nos vergers : des fruits et des plantes bio cultiv\u00e9s par des producteurs locaux et infus\u00e9s en de subtils m\u00e9langes pour des exp\u00e9riences gustatives uniques, qui ont aussi pour but d&rsquo;apporter des bienfaits au corps et \u00e0 l&rsquo;esprit.<\/p>\n<p>CARACTERISTIQUES<br \/>\n&#8211; DDM mini 4 mois ambiant<br \/>\n&#8211; Bouteille verre 330ml<br \/>\n&#8211; Colis x 12 bouteilles<br \/>\n&#8211; Faible en calories<br \/>\n&#8211; Vegan<br \/>\n&#8211; Fabriqu\u00e9 en France<br \/>\n&#8211; BIO<\/p>\n","protected":false},"featured_media":24567,"comment_status":"closed","ping_status":"closed","template":"","meta":[],"product_cat":[22,682],"product_tag":[],"supplier_id":23768,"supplier_sku":"","atum_controlled":true,"out_stock_date":null,"out_stock_threshold":null,"inheritable":false,"inbound_stock":0,"stock_on_hold":0,"sold_today":0,"sales_last_days":0,"out_stock_days":0,"lost_sales":0,"has_location":false,"update_date":"2026-05-04T22:28:57","atum_locations":[],"atum_stock_status":"instock","restock_status":false,"low_stock_amount":"","sales_update_date":"2026-05-04T22:28:57","calc_backorders":0,"_links":{"self":[{"href":"https:\/\/www.epicerie-lasource.org\/magasin\/wp-json\/wp\/v2\/product\/22829"}],"collection":[{"href":"https:\/\/www.epicerie-lasource.org\/magasin\/wp-json\/wp\/v2\/product"}],"about":[{"href":"https:\/\/www.epicerie-lasource.org\/magasin\/wp-json\/wp\/v2\/types\/product"}],"replies":[{"embeddable":true,"href":"https:\/\/www.epicerie-lasource.org\/magasin\/wp-json\/wp\/v2\/comments?post=22829"}],"wp:featuredmedia":[{"embeddable":true,"href":"https:\/\/www.epicerie-lasource.org\/magasin\/wp-json\/wp\/v2\/media\/24567"}],"wp:attachment":[{"href":"https:\/\/www.epicerie-lasource.org\/magasin\/wp-json\/wp\/v2\/media?parent=22829"}],"wp:term":[{"taxonomy":"product_cat","embeddable":true,"href":"https:\/\/www.epicerie-lasource.org\/magasin\/wp-json\/wp\/v2\/product_cat?post=22829"},{"taxonomy":"product_tag","embeddable":true,"href":"https:\/\/www.epicerie-lasource.org\/magasin\/wp-json\/wp\/v2\/product_tag?post=22829"}],"curies":[{"name":"wp","href":"https:\/\/api.w.org\/{rel}","templated":true}]}}