{"id":22827,"date":"2021-12-02T16:25:41","date_gmt":"2021-12-02T15:25:41","guid":{"rendered":"https:\/\/www.epicerie-lasource.org\/magasin\/?post_type=product&#038;p=22827"},"modified":"2026-02-25T11:19:10","modified_gmt":"2026-02-25T10:19:10","slug":"infusion-petillante-symples-bio-feuilles-de-cassis-33-cl","status":"publish","type":"product","link":"https:\/\/www.epicerie-lasource.org\/magasin\/produit\/infusion-petillante-symples-bio-feuilles-de-cassis-33-cl\/","title":{"rendered":"Infusion p\u00e9tillante Symples Bio Feuilles de cassis 33 cl"},"content":{"rendered":"","protected":false},"excerpt":{"rendered":"<p>L&rsquo;infusion p\u00e9tillante Ribes Nigrum, ou Feuille de Cassis, gr\u00e2ce \u00e0 ses subtils ar\u00f4mes fruit\u00e9es et ses puissantes notes herbac\u00e9es saura vous faire repenser aux vertus de cette plante dans son int\u00e9gralit\u00e9 , trop souvent effac\u00e9e par la baie de cassis.<\/p>\n<p>Les boissons Symples sont fabriqu\u00e9es en France \u00e0 partir d&rsquo;ingr\u00e9dients soigneusement s\u00e9lectionn\u00e9s et issus de l&rsquo;agriculture biologique. Faibles en calories, elles seront id\u00e9ales pour un rafra\u00eechissement peu sucr\u00e9, id\u00e9al pour les fortes chaleurs.<\/p>\n<p>SYMPLES, PLUS QUE DES BOISSONS, DES POTIONS<br \/>\nSi les potions Symples sont si d\u00e9licieuses, c&rsquo;est que la marque utilise des ingr\u00e9dients se trouvant sous nos pieds, dans nos jardins et dans nos vergers : des fruits et des plantes bio cultiv\u00e9s par des producteurs locaux et infus\u00e9s en de subtils m\u00e9langes pour des exp\u00e9riences gustatives uniques, qui ont aussi pour but d&rsquo;apporter des bienfaits au corps et \u00e0 l&rsquo;esprit.<\/p>\n<p>CARACTERISTIQUES<br \/>\n&#8211; DDM mini 4 mois ambiant<br \/>\n&#8211; Bouteille verre 330ml<br \/>\n&#8211; Colis x 12 bouteilles<br \/>\n&#8211; Faible en calories<br \/>\n&#8211; Vegan<br \/>\n&#8211; Fabriqu\u00e9 en France<br \/>\n&#8211; BIO<\/p>\n","protected":false},"featured_media":24568,"comment_status":"closed","ping_status":"closed","template":"","meta":[],"product_cat":[22,682],"product_tag":[],"supplier_id":23768,"supplier_sku":"","atum_controlled":true,"out_stock_date":null,"out_stock_threshold":null,"inheritable":false,"inbound_stock":0,"stock_on_hold":0,"sold_today":0,"sales_last_days":0,"out_stock_days":0,"lost_sales":0,"has_location":false,"update_date":"2026-05-03T22:30:01","atum_locations":[],"atum_stock_status":"instock","restock_status":false,"low_stock_amount":"","sales_update_date":"2026-05-03T22:30:01","calc_backorders":0,"_links":{"self":[{"href":"https:\/\/www.epicerie-lasource.org\/magasin\/wp-json\/wp\/v2\/product\/22827"}],"collection":[{"href":"https:\/\/www.epicerie-lasource.org\/magasin\/wp-json\/wp\/v2\/product"}],"about":[{"href":"https:\/\/www.epicerie-lasource.org\/magasin\/wp-json\/wp\/v2\/types\/product"}],"replies":[{"embeddable":true,"href":"https:\/\/www.epicerie-lasource.org\/magasin\/wp-json\/wp\/v2\/comments?post=22827"}],"wp:featuredmedia":[{"embeddable":true,"href":"https:\/\/www.epicerie-lasource.org\/magasin\/wp-json\/wp\/v2\/media\/24568"}],"wp:attachment":[{"href":"https:\/\/www.epicerie-lasource.org\/magasin\/wp-json\/wp\/v2\/media?parent=22827"}],"wp:term":[{"taxonomy":"product_cat","embeddable":true,"href":"https:\/\/www.epicerie-lasource.org\/magasin\/wp-json\/wp\/v2\/product_cat?post=22827"},{"taxonomy":"product_tag","embeddable":true,"href":"https:\/\/www.epicerie-lasource.org\/magasin\/wp-json\/wp\/v2\/product_tag?post=22827"}],"curies":[{"name":"wp","href":"https:\/\/api.w.org\/{rel}","templated":true}]}}