{"id":22375,"date":"2021-11-23T21:57:41","date_gmt":"2021-11-23T20:57:41","guid":{"rendered":"https:\/\/www.epicerie-lasource.org\/magasin\/?post_type=product&#038;p=22375"},"modified":"2026-04-08T21:45:08","modified_gmt":"2026-04-08T19:45:08","slug":"potion-detoxifiante-symples-33-cl","status":"publish","type":"product","link":"https:\/\/www.epicerie-lasource.org\/magasin\/produit\/potion-detoxifiante-symples-33-cl\/","title":{"rendered":"Potion D\u00e9toxifiante Symples Bio 33 cl"},"content":{"rendered":"","protected":false},"excerpt":{"rendered":"<p>Finement p\u00e9tillante, la potion d\u00e9toxifiante vous aidera \u00e0 \u00e9liminer les toxines et les d\u00e9chets accumul\u00e9s par le corps. Elle procure le plaisir d&rsquo;un soda avec seulement un demi carr\u00e9 de sucre par bouteille !<\/p>\n<p>Dans des bouteilles en verre 100% recyclable, les potions Symples se d\u00e9clinent selon 3 recettes, toutes compos\u00e9es d\u2019un m\u00e9lange de plantes infus\u00e9es cultiv\u00e9es en France, savamment s\u00e9lectionn\u00e9es pour leurs bienfaits sur le corps et l\u2019esprit, et subtilement associ\u00e9es \u00e0 des jus de fruits qui embellissent le go\u00fbt des potions.<\/p>\n<p>Ingr\u00e9dients : Infusions de plantes fran\u00e7aises bio (eau gaz\u00e9ifi\u00e9e, sureau, sauge, st\u00e9via), jus de pommes fran\u00e7ais, jus de citron, jus de carotte fran\u00e7ais.<\/p>\n<p>Valeurs Nutritionnelles pour 100 ml<\/p>\n<p>\u00c9nergie : 12,5 kJ \/ 3 kcal<\/p>\n<p>Mati\u00e8res grasses : &lt;0,1 g<\/p>\n<p>dont acides gras satur\u00e9s : 0,0 g<\/p>\n<p>Glucides : 0.8 g<\/p>\n<p>dont sucres : 0.7 g<\/p>\n<p>Prot\u00e9ines : &lt;0,5 g<\/p>\n<p>Sel : 0,0 g<\/p>\n<p>Biologique &#8211; Fabriqu\u00e9 en France &#8211; Faible en calories et en sucres &#8211; Plantes issues de coop\u00e9ratives fran\u00e7aises<\/p>\n","protected":false},"featured_media":22376,"comment_status":"closed","ping_status":"closed","template":"","meta":[],"product_cat":[22,682],"product_tag":[],"supplier_id":23768,"supplier_sku":"","atum_controlled":true,"out_stock_date":null,"out_stock_threshold":null,"inheritable":false,"inbound_stock":0,"stock_on_hold":0,"sold_today":0,"sales_last_days":1,"out_stock_days":0,"lost_sales":0,"has_location":false,"update_date":"2026-05-04T22:30:19","atum_locations":[],"atum_stock_status":"onbackorder","restock_status":false,"low_stock_amount":"","sales_update_date":"2026-05-04T22:30:19","calc_backorders":-8,"_links":{"self":[{"href":"https:\/\/www.epicerie-lasource.org\/magasin\/wp-json\/wp\/v2\/product\/22375"}],"collection":[{"href":"https:\/\/www.epicerie-lasource.org\/magasin\/wp-json\/wp\/v2\/product"}],"about":[{"href":"https:\/\/www.epicerie-lasource.org\/magasin\/wp-json\/wp\/v2\/types\/product"}],"replies":[{"embeddable":true,"href":"https:\/\/www.epicerie-lasource.org\/magasin\/wp-json\/wp\/v2\/comments?post=22375"}],"wp:featuredmedia":[{"embeddable":true,"href":"https:\/\/www.epicerie-lasource.org\/magasin\/wp-json\/wp\/v2\/media\/22376"}],"wp:attachment":[{"href":"https:\/\/www.epicerie-lasource.org\/magasin\/wp-json\/wp\/v2\/media?parent=22375"}],"wp:term":[{"taxonomy":"product_cat","embeddable":true,"href":"https:\/\/www.epicerie-lasource.org\/magasin\/wp-json\/wp\/v2\/product_cat?post=22375"},{"taxonomy":"product_tag","embeddable":true,"href":"https:\/\/www.epicerie-lasource.org\/magasin\/wp-json\/wp\/v2\/product_tag?post=22375"}],"curies":[{"name":"wp","href":"https:\/\/api.w.org\/{rel}","templated":true}]}}