{"id":22374,"date":"2021-11-23T21:55:19","date_gmt":"2021-11-23T20:55:19","guid":{"rendered":"https:\/\/www.epicerie-lasource.org\/magasin\/?post_type=product&#038;p=22374"},"modified":"2026-05-04T18:16:10","modified_gmt":"2026-05-04T16:16:10","slug":"potion-energisante-symples-33-cl","status":"publish","type":"product","link":"https:\/\/www.epicerie-lasource.org\/magasin\/produit\/potion-energisante-symples-33-cl\/","title":{"rendered":"Potion Energisante verte Symples Bio 33 cl infusion p\u00e9tillante"},"content":{"rendered":"","protected":false},"excerpt":{"rendered":"<p>Finement p\u00e9tillante, la potion \u00e9nergisante vous apporte un coup de boost \u00e9quivalent \u00e0 celui d\u2019un expresso gr\u00e2ce \u00e0 sa caf\u00e9ine naturelle et \u00e0 ses plantes stimulantes ! Id\u00e9al pour vos journ\u00e9es charg\u00e9es, et vos soir\u00e9es prolong\u00e9es.<\/p>\n<p>Dans des bouteilles en verre 100% recyclable, les potions Symples se d\u00e9clinent selon 3 recettes, toutes compos\u00e9es d\u2019un m\u00e9lange de plantes infus\u00e9es cultiv\u00e9es en France, savamment s\u00e9lectionn\u00e9es pour leurs bienfaits sur le corps et l\u2019esprit, et subtilement associ\u00e9es \u00e0 des jus de fruits qui embellissent le go\u00fbt des potions.<\/p>\n<p>Ingr\u00e9dients : Infusion de plantes fran\u00e7aises bio (eau, romarin, menthe-poivr\u00e9e, thym), sucre issu de fruit, jus de citron d\u2019Italie, pur\u00e9e de mirabelle de Lorraine, jus d\u2019argousier des Alpes, caf\u00e9ine naturelle (150mg\/L) CO2.<\/p>\n<p>Valeurs Nutritionnelles pour 100 ml<\/p>\n<p>\u00c9nergie : 75,4 kJ \/ 18 kcal<\/p>\n<p>Mati\u00e8res grasses : &lt;0,5 g<\/p>\n<p>dont acides gras satur\u00e9s : &lt;0,1 g<\/p>\n<p>Glucides : 4,4 g<\/p>\n<p>dont sucres : 4,2 g &lt;<\/p>\n<p>Prot\u00e9ines : 0,5 g<\/p>\n<p>Sel : 0,0 g<\/p>\n<p>Biologique &#8211; Fabriqu\u00e9 en France &#8211; Faible en calories et en sucres &#8211; Plantes issues de coop\u00e9ratives fran\u00e7aises<\/p>\n","protected":false},"featured_media":22377,"comment_status":"closed","ping_status":"closed","template":"","meta":[],"product_cat":[22,682],"product_tag":[],"supplier_id":23768,"supplier_sku":"","atum_controlled":true,"out_stock_date":null,"out_stock_threshold":null,"inheritable":false,"inbound_stock":0,"stock_on_hold":1,"sold_today":1,"sales_last_days":16,"out_stock_days":0,"lost_sales":0,"has_location":false,"update_date":"2026-05-04T14:16:13","atum_locations":[],"atum_stock_status":"instock","restock_status":false,"low_stock_amount":6,"sales_update_date":"2026-05-04T14:16:13","calc_backorders":0,"_links":{"self":[{"href":"https:\/\/www.epicerie-lasource.org\/magasin\/wp-json\/wp\/v2\/product\/22374"}],"collection":[{"href":"https:\/\/www.epicerie-lasource.org\/magasin\/wp-json\/wp\/v2\/product"}],"about":[{"href":"https:\/\/www.epicerie-lasource.org\/magasin\/wp-json\/wp\/v2\/types\/product"}],"replies":[{"embeddable":true,"href":"https:\/\/www.epicerie-lasource.org\/magasin\/wp-json\/wp\/v2\/comments?post=22374"}],"wp:featuredmedia":[{"embeddable":true,"href":"https:\/\/www.epicerie-lasource.org\/magasin\/wp-json\/wp\/v2\/media\/22377"}],"wp:attachment":[{"href":"https:\/\/www.epicerie-lasource.org\/magasin\/wp-json\/wp\/v2\/media?parent=22374"}],"wp:term":[{"taxonomy":"product_cat","embeddable":true,"href":"https:\/\/www.epicerie-lasource.org\/magasin\/wp-json\/wp\/v2\/product_cat?post=22374"},{"taxonomy":"product_tag","embeddable":true,"href":"https:\/\/www.epicerie-lasource.org\/magasin\/wp-json\/wp\/v2\/product_tag?post=22374"}],"curies":[{"name":"wp","href":"https:\/\/api.w.org\/{rel}","templated":true}]}}