{"id":22373,"date":"2021-11-23T21:55:12","date_gmt":"2021-11-23T20:55:12","guid":{"rendered":"https:\/\/www.epicerie-lasource.org\/magasin\/?post_type=product&#038;p=22373"},"modified":"2026-05-04T18:16:10","modified_gmt":"2026-05-04T16:16:10","slug":"potion-relaxante-symples-33-cl","status":"publish","type":"product","link":"https:\/\/www.epicerie-lasource.org\/magasin\/produit\/potion-relaxante-symples-33-cl\/","title":{"rendered":"Potion Relaxante Symples Bio 33 cl"},"content":{"rendered":"","protected":false},"excerpt":{"rendered":"<p>La potion relaxante vous aidera \u00e0 rester concentr\u00e9 et d\u00e9tendu dans des moments de stress et partout o\u00f9 les plantes vous manquent !<\/p>\n<p>Dans des bouteilles en verre 100% recyclable, les potions Symples se d\u00e9clinent selon 3 recettes, toutes compos\u00e9es d\u2019un m\u00e9lange de plantes infus\u00e9es cultiv\u00e9es en France, savamment s\u00e9lectionn\u00e9es pour leurs bienfaits sur le corps et l\u2019esprit, et subtilement associ\u00e9es \u00e0 des jus de fruits qui embellissent le go\u00fbt des potions.<\/p>\n<p>Ingr\u00e9dients :<\/p>\n<p>Infusion de plantes bio fran\u00e7aises (eau, verveine, lavande, camomille romaine), jus de cerise de Lorraine, jus de cassis, jus de myrtille des Vosges, sucre issu de fruit.<br \/>\nValeurs Nutritionnelles pour 100 ml<\/p>\n<p>\u00c9nergie : 67,0 kJ \/ 16 kcal<\/p>\n<p>Mati\u00e8res grasses : &lt;0,1 g<\/p>\n<p>dont acides gras satur\u00e9s : 0,0 g<\/p>\n<p>Glucides : 3,9 g<\/p>\n<p>dont sucres : 3,5 g<\/p>\n<p>Prot\u00e9ines : &lt;0,5 g<\/p>\n<p>Sel : 0,0 g<\/p>\n<p>Biologique &#8211; Fabriqu\u00e9 en France &#8211; Faible en calories et en sucres &#8211; Plantes issues de coop\u00e9ratives fran\u00e7aises<\/p>\n","protected":false},"featured_media":22378,"comment_status":"closed","ping_status":"closed","template":"","meta":[],"product_cat":[22,682],"product_tag":[],"supplier_id":23768,"supplier_sku":"","atum_controlled":true,"out_stock_date":null,"out_stock_threshold":null,"inheritable":false,"inbound_stock":0,"stock_on_hold":0,"sold_today":0,"sales_last_days":12,"out_stock_days":0,"lost_sales":0,"has_location":false,"update_date":"2026-05-07T14:50:21","atum_locations":[],"atum_stock_status":"instock","restock_status":false,"low_stock_amount":6,"sales_update_date":"2026-05-07T14:50:21","calc_backorders":0,"_links":{"self":[{"href":"https:\/\/www.epicerie-lasource.org\/magasin\/wp-json\/wp\/v2\/product\/22373"}],"collection":[{"href":"https:\/\/www.epicerie-lasource.org\/magasin\/wp-json\/wp\/v2\/product"}],"about":[{"href":"https:\/\/www.epicerie-lasource.org\/magasin\/wp-json\/wp\/v2\/types\/product"}],"replies":[{"embeddable":true,"href":"https:\/\/www.epicerie-lasource.org\/magasin\/wp-json\/wp\/v2\/comments?post=22373"}],"wp:featuredmedia":[{"embeddable":true,"href":"https:\/\/www.epicerie-lasource.org\/magasin\/wp-json\/wp\/v2\/media\/22378"}],"wp:attachment":[{"href":"https:\/\/www.epicerie-lasource.org\/magasin\/wp-json\/wp\/v2\/media?parent=22373"}],"wp:term":[{"taxonomy":"product_cat","embeddable":true,"href":"https:\/\/www.epicerie-lasource.org\/magasin\/wp-json\/wp\/v2\/product_cat?post=22373"},{"taxonomy":"product_tag","embeddable":true,"href":"https:\/\/www.epicerie-lasource.org\/magasin\/wp-json\/wp\/v2\/product_tag?post=22373"}],"curies":[{"name":"wp","href":"https:\/\/api.w.org\/{rel}","templated":true}]}}