{"id":21949,"date":"2021-11-09T14:05:22","date_gmt":"2021-11-09T13:05:22","guid":{"rendered":"https:\/\/www.epicerie-lasource.org\/magasin\/?post_type=product&#038;p=21949"},"modified":"2026-04-22T17:12:07","modified_gmt":"2026-04-22T15:12:07","slug":"savon-de-marseille-sans-huile-de-palme-600-gr","status":"publish","type":"product","link":"https:\/\/www.epicerie-lasource.org\/magasin\/produit\/savon-de-marseille-sans-huile-de-palme-600-gr\/","title":{"rendered":"Savon de Marseille sans huile de palme 600 gr"},"content":{"rendered":"","protected":false},"excerpt":{"rendered":"<p>A base d\u2019huiles v\u00e9g\u00e9tales, sans colorant, sans parfum et sans produit de synth\u00e8se, notre cube de savon de Marseille \u00e0 l\u2019huile d\u2019olive est particuli\u00e8rement doux pour la peau et contribue au respect de l\u2019environnement.<\/p>\n<p>Economique, il dure encore plus longtemps apr\u00e8s avoir s\u00e9ch\u00e9.<\/p>\n<p>Garanti SANS HUILE DE PALME<\/p>\n","protected":false},"featured_media":21950,"comment_status":"closed","ping_status":"closed","template":"","meta":[],"product_cat":[324,207],"product_tag":[],"supplier_id":23768,"supplier_sku":"","atum_controlled":true,"out_stock_date":"2026-04-22 15:12:07","out_stock_threshold":null,"inheritable":false,"inbound_stock":0,"stock_on_hold":0,"sold_today":0,"sales_last_days":1,"out_stock_days":8,"lost_sales":7.8285714285714,"has_location":false,"update_date":"2026-04-30T22:28:59","atum_locations":[],"atum_stock_status":"onbackorder","restock_status":false,"low_stock_amount":"","sales_update_date":"2026-04-30T22:28:59","calc_backorders":0,"_links":{"self":[{"href":"https:\/\/www.epicerie-lasource.org\/magasin\/wp-json\/wp\/v2\/product\/21949"}],"collection":[{"href":"https:\/\/www.epicerie-lasource.org\/magasin\/wp-json\/wp\/v2\/product"}],"about":[{"href":"https:\/\/www.epicerie-lasource.org\/magasin\/wp-json\/wp\/v2\/types\/product"}],"replies":[{"embeddable":true,"href":"https:\/\/www.epicerie-lasource.org\/magasin\/wp-json\/wp\/v2\/comments?post=21949"}],"wp:featuredmedia":[{"embeddable":true,"href":"https:\/\/www.epicerie-lasource.org\/magasin\/wp-json\/wp\/v2\/media\/21950"}],"wp:attachment":[{"href":"https:\/\/www.epicerie-lasource.org\/magasin\/wp-json\/wp\/v2\/media?parent=21949"}],"wp:term":[{"taxonomy":"product_cat","embeddable":true,"href":"https:\/\/www.epicerie-lasource.org\/magasin\/wp-json\/wp\/v2\/product_cat?post=21949"},{"taxonomy":"product_tag","embeddable":true,"href":"https:\/\/www.epicerie-lasource.org\/magasin\/wp-json\/wp\/v2\/product_tag?post=21949"}],"curies":[{"name":"wp","href":"https:\/\/api.w.org\/{rel}","templated":true}]}}