{"id":21938,"date":"2021-11-09T13:32:23","date_gmt":"2021-11-09T12:32:23","guid":{"rendered":"https:\/\/www.epicerie-lasource.org\/magasin\/?post_type=product&#038;p=21938"},"modified":"2026-03-30T08:25:26","modified_gmt":"2026-03-30T06:25:26","slug":"boisson-energisante-club-mate-33cl","status":"publish","type":"product","link":"https:\/\/www.epicerie-lasource.org\/magasin\/produit\/boisson-energisante-club-mate-33cl\/","title":{"rendered":"Boisson Energisante Club Mat\u00e9 33cl (bouteille consign\u00e9e)"},"content":{"rendered":"","protected":false},"excerpt":{"rendered":"<p>[\u02c8kl\u028ap \u02ccma\u02d0t\u0259] Dites simplement haut et fort : : \u201cun Club-Mate, s\u2019il-vous-plait\u201d &#8211; \u00e7a aide !<br \/>\nLe Club-Mate rafra\u00eechit et stimule sans exciter. Le Club-Mate est notamment fabriqu\u00e9 avec du mat\u00e9 \u2013 une plante s\u00e9culaire issue de la for\u00eat vierge d\u2019Am\u00e9rique du Sud. Dans la nature, de par son association unique de substances actives, elle accomplit des miracles ici et maintenant et encore aujourd\u2019hui!<\/p>\n<p>C\u2019est une boisson exclusive \u00e0 base de mat\u00e9. Vous avez du Club-Mate devant vous, go\u00fbtez-le. Le go\u00fbt intense est diff\u00e9rent et rafra\u00eechissant. C\u2019est comme une limonade en moins sucr\u00e9. C\u2019est une alliance unique de caf\u00e9ine et de tanin, qui stimule sans exciter, c\u2019est d\u00e9licieux et rafraichissant.<\/p>\n<p>Le Club-Mat\u00e9 r\u00e9unit toutes les aspirations du march\u00e9 : il d\u00e9salt\u00e8re tout en ayant du go\u00fbt, il est digeste, \u00e9nergisant et c\u2019est un remontant.<\/p>\n","protected":false},"featured_media":24583,"comment_status":"closed","ping_status":"closed","template":"","meta":[],"product_cat":[22,681],"product_tag":[],"supplier_id":23768,"supplier_sku":"","atum_controlled":true,"out_stock_date":null,"out_stock_threshold":null,"inheritable":false,"inbound_stock":0,"stock_on_hold":0,"sold_today":0,"sales_last_days":0,"out_stock_days":0,"lost_sales":0,"has_location":false,"update_date":"2026-05-04T22:29:02","atum_locations":[],"atum_stock_status":"instock","restock_status":false,"low_stock_amount":6,"sales_update_date":"2026-05-04T22:29:02","calc_backorders":0,"_links":{"self":[{"href":"https:\/\/www.epicerie-lasource.org\/magasin\/wp-json\/wp\/v2\/product\/21938"}],"collection":[{"href":"https:\/\/www.epicerie-lasource.org\/magasin\/wp-json\/wp\/v2\/product"}],"about":[{"href":"https:\/\/www.epicerie-lasource.org\/magasin\/wp-json\/wp\/v2\/types\/product"}],"replies":[{"embeddable":true,"href":"https:\/\/www.epicerie-lasource.org\/magasin\/wp-json\/wp\/v2\/comments?post=21938"}],"wp:featuredmedia":[{"embeddable":true,"href":"https:\/\/www.epicerie-lasource.org\/magasin\/wp-json\/wp\/v2\/media\/24583"}],"wp:attachment":[{"href":"https:\/\/www.epicerie-lasource.org\/magasin\/wp-json\/wp\/v2\/media?parent=21938"}],"wp:term":[{"taxonomy":"product_cat","embeddable":true,"href":"https:\/\/www.epicerie-lasource.org\/magasin\/wp-json\/wp\/v2\/product_cat?post=21938"},{"taxonomy":"product_tag","embeddable":true,"href":"https:\/\/www.epicerie-lasource.org\/magasin\/wp-json\/wp\/v2\/product_tag?post=21938"}],"curies":[{"name":"wp","href":"https:\/\/api.w.org\/{rel}","templated":true}]}}