{"id":2164,"date":"2019-11-21T20:55:51","date_gmt":"2019-11-21T19:55:51","guid":{"rendered":"https:\/\/www.epicerie-lasource.org\/magasin\/?post_type=product&#038;p=2164"},"modified":"2026-04-29T16:07:58","modified_gmt":"2026-04-29T14:07:58","slug":"la-thiriez-biere-blonde-bio-75cl-5-5","status":"publish","type":"product","link":"https:\/\/www.epicerie-lasource.org\/magasin\/produit\/la-thiriez-biere-blonde-bio-75cl-5-5\/","title":{"rendered":"La Thiriez Blonde Bio 75cl &#8211; 5.5%"},"content":{"rendered":"","protected":false},"excerpt":{"rendered":"<p>La Thiriez Bio est brass\u00e9e uniquement avec des mati\u00e8res premi\u00e8res issues de l&rsquo;agriculture biologique, elle est certifi\u00e9e par l&rsquo;organisme Ecocert.<\/p>\n<p>Dans un souci de respect de l&rsquo;environnement et de sant\u00e9 des consommateurs, l&rsquo;id\u00e9e de brasser cette bi\u00e8re biologique s&rsquo;est naturellement impos\u00e9e d\u00e9s 2012.<\/p>\n<p>BI\u00e8re blonde d\u00e9salt\u00e9rante et parfum\u00e9e qui pr\u00e9sente un bel \u00e9quilibre entre douceur du malt et finesse de l&rsquo;amertume.<br \/>\nUne pale ale fran\u00e7aise appr\u00e9ciable en toute occasion.<\/p>\n<p>Bouteille de 75 cl<br \/>\nDegr\u00e9 d&rsquo;alcool : 5.5%<\/p>\n<p>&nbsp;<\/p>\n","protected":false},"featured_media":24570,"comment_status":"open","ping_status":"closed","template":"","meta":[],"product_cat":[22,474],"product_tag":[],"supplier_id":23770,"supplier_sku":"","atum_controlled":true,"out_stock_date":null,"out_stock_threshold":null,"inheritable":false,"inbound_stock":0,"stock_on_hold":0,"sold_today":1,"sales_last_days":39,"out_stock_days":0,"lost_sales":0,"has_location":false,"update_date":"2026-04-29T12:07:59","atum_locations":[],"atum_stock_status":"onbackorder","restock_status":false,"low_stock_amount":"","sales_update_date":"2026-04-29T12:07:59","calc_backorders":-613,"_links":{"self":[{"href":"https:\/\/www.epicerie-lasource.org\/magasin\/wp-json\/wp\/v2\/product\/2164"}],"collection":[{"href":"https:\/\/www.epicerie-lasource.org\/magasin\/wp-json\/wp\/v2\/product"}],"about":[{"href":"https:\/\/www.epicerie-lasource.org\/magasin\/wp-json\/wp\/v2\/types\/product"}],"replies":[{"embeddable":true,"href":"https:\/\/www.epicerie-lasource.org\/magasin\/wp-json\/wp\/v2\/comments?post=2164"}],"wp:featuredmedia":[{"embeddable":true,"href":"https:\/\/www.epicerie-lasource.org\/magasin\/wp-json\/wp\/v2\/media\/24570"}],"wp:attachment":[{"href":"https:\/\/www.epicerie-lasource.org\/magasin\/wp-json\/wp\/v2\/media?parent=2164"}],"wp:term":[{"taxonomy":"product_cat","embeddable":true,"href":"https:\/\/www.epicerie-lasource.org\/magasin\/wp-json\/wp\/v2\/product_cat?post=2164"},{"taxonomy":"product_tag","embeddable":true,"href":"https:\/\/www.epicerie-lasource.org\/magasin\/wp-json\/wp\/v2\/product_tag?post=2164"}],"curies":[{"name":"wp","href":"https:\/\/api.w.org\/{rel}","templated":true}]}}