{"id":2158,"date":"2019-11-21T20:42:15","date_gmt":"2019-11-21T19:42:15","guid":{"rendered":"https:\/\/www.epicerie-lasource.org\/magasin\/?post_type=product&#038;p=2158"},"modified":"2026-04-06T09:53:15","modified_gmt":"2026-04-06T07:53:15","slug":"la-petite-princesse-biere-de-table-75cl-2-9","status":"publish","type":"product","link":"https:\/\/www.epicerie-lasource.org\/magasin\/produit\/la-petite-princesse-biere-de-table-75cl-2-9\/","title":{"rendered":"La Petite Princesse &#8211; Thiriez 75cl &#8211; 2.9%"},"content":{"rendered":"","protected":false},"excerpt":{"rendered":"<p>La Petite Princesse est la petit soeur de la bi\u00e8re \u00ab\u00a0Le Petit Prince\u00a0\u00bb de la brasserie am\u00e9ricaines Jester King.<\/p>\n<p>M\u00eame recette, mais avec la levure maison de la Brasserie Thiriez, nous l&rsquo;avons mise au point en collaboration avec nos amis brasseurs am\u00e9ricains en 2012.<br \/>\nL&rsquo;\u00e9tiquette a d&rsquo;ailleurs \u00e9t\u00e9 r\u00e9alis\u00e9e par leur designer attitr\u00e9.<\/p>\n<p>Bi\u00e8re Blonde ferment\u00e9e \u00e0 une temp\u00e9rature plus \u00e9lev\u00e9e pour laisser s&rsquo;exprimer tous les ar\u00f4mes de la levure.<br \/>\nElle est g\u00e9n\u00e9reusement houblonn\u00e9e en fin d\u2019\u00e9bullition avec du Saaz, puis \u00e0 froid, en fin de fermentation, pour lui apporter les saveurs v\u00e9g\u00e9tales et florales de ce houblon r\u00e9put\u00e9.<br \/>\nune bi\u00e8re unique, qui renoue avec la tradition des bi\u00e8res de table faibles en alcool.<\/p>\n<p>Bouteille de 75cl<br \/>\nDegr\u00e9 d&rsquo;alcool : 2.9%<\/p>\n","protected":false},"featured_media":2160,"comment_status":"open","ping_status":"closed","template":"","meta":[],"product_cat":[22,474],"product_tag":[],"supplier_id":23770,"supplier_sku":"","atum_controlled":true,"out_stock_date":null,"out_stock_threshold":null,"inheritable":false,"inbound_stock":0,"stock_on_hold":0,"sold_today":0,"sales_last_days":2,"out_stock_days":0,"lost_sales":0,"has_location":false,"update_date":"2026-04-28T22:24:03","atum_locations":[],"atum_stock_status":"onbackorder","restock_status":false,"low_stock_amount":"","sales_update_date":"2026-04-28T22:24:03","calc_backorders":-25,"_links":{"self":[{"href":"https:\/\/www.epicerie-lasource.org\/magasin\/wp-json\/wp\/v2\/product\/2158"}],"collection":[{"href":"https:\/\/www.epicerie-lasource.org\/magasin\/wp-json\/wp\/v2\/product"}],"about":[{"href":"https:\/\/www.epicerie-lasource.org\/magasin\/wp-json\/wp\/v2\/types\/product"}],"replies":[{"embeddable":true,"href":"https:\/\/www.epicerie-lasource.org\/magasin\/wp-json\/wp\/v2\/comments?post=2158"}],"wp:featuredmedia":[{"embeddable":true,"href":"https:\/\/www.epicerie-lasource.org\/magasin\/wp-json\/wp\/v2\/media\/2160"}],"wp:attachment":[{"href":"https:\/\/www.epicerie-lasource.org\/magasin\/wp-json\/wp\/v2\/media?parent=2158"}],"wp:term":[{"taxonomy":"product_cat","embeddable":true,"href":"https:\/\/www.epicerie-lasource.org\/magasin\/wp-json\/wp\/v2\/product_cat?post=2158"},{"taxonomy":"product_tag","embeddable":true,"href":"https:\/\/www.epicerie-lasource.org\/magasin\/wp-json\/wp\/v2\/product_tag?post=2158"}],"curies":[{"name":"wp","href":"https:\/\/api.w.org\/{rel}","templated":true}]}}