{"id":2145,"date":"2019-11-21T19:36:21","date_gmt":"2019-11-21T18:36:21","guid":{"rendered":"https:\/\/www.epicerie-lasource.org\/magasin\/?post_type=product&#038;p=2145"},"modified":"2026-04-27T19:08:02","modified_gmt":"2026-04-27T17:08:02","slug":"dalva-double-ipa-75cl-8-5","status":"publish","type":"product","link":"https:\/\/www.epicerie-lasource.org\/magasin\/produit\/dalva-double-ipa-75cl-8-5\/","title":{"rendered":"DALVA &#8211; Double IPA Thiriez 75cl &#8211; 8.5%"},"content":{"rendered":"","protected":false},"excerpt":{"rendered":"<p>DALVA est inspir\u00e9e par les \u00ab\u00a0double IPA\u00a0\u00bb brass\u00e9es outre-atlantique.<br \/>\nSon nom fait r\u00e9f\u00e9rence au roman de l&rsquo;auteur am\u00e9ricain Jim Harrisson dans lequel l&rsquo;h\u00e9ro\u00efne est pr\u00e9nomm\u00e9e Dalva.<\/p>\n<p>Cette bi\u00e8re g\u00e9n\u00e9reusement houblonn\u00e9e pr\u00e9sente une robe dor\u00e9e, une amertume franche et fruit\u00e9e.<br \/>\nSes ar\u00f4mes sont soutenus par un corps robuste et gourmand apport\u00e9 par l&rsquo;utilisation de malt p\u00e2le tr\u00e8s l\u00e9g\u00e8rement grill\u00e9.<br \/>\nL&rsquo;utilisation d&rsquo;un houblon alsacien apporte une \u00ab\u00a0French Touch\u00a0\u00bb \u00e0 ce style typiquement am\u00e9ricain.<\/p>\n<p>Bouteille de 75 cl<br \/>\nDegr\u00e9 d&rsquo;alcool : 8.5%<\/p>\n","protected":false},"featured_media":2146,"comment_status":"closed","ping_status":"closed","template":"","meta":[],"product_cat":[22,474],"product_tag":[],"supplier_id":23770,"supplier_sku":"","atum_controlled":true,"out_stock_date":null,"out_stock_threshold":null,"inheritable":false,"inbound_stock":0,"stock_on_hold":0,"sold_today":0,"sales_last_days":8,"out_stock_days":0,"lost_sales":0,"has_location":false,"update_date":"2026-05-01T22:29:33","atum_locations":[],"atum_stock_status":"onbackorder","restock_status":false,"low_stock_amount":"","sales_update_date":"2026-05-01T22:29:33","calc_backorders":-37,"_links":{"self":[{"href":"https:\/\/www.epicerie-lasource.org\/magasin\/wp-json\/wp\/v2\/product\/2145"}],"collection":[{"href":"https:\/\/www.epicerie-lasource.org\/magasin\/wp-json\/wp\/v2\/product"}],"about":[{"href":"https:\/\/www.epicerie-lasource.org\/magasin\/wp-json\/wp\/v2\/types\/product"}],"replies":[{"embeddable":true,"href":"https:\/\/www.epicerie-lasource.org\/magasin\/wp-json\/wp\/v2\/comments?post=2145"}],"wp:featuredmedia":[{"embeddable":true,"href":"https:\/\/www.epicerie-lasource.org\/magasin\/wp-json\/wp\/v2\/media\/2146"}],"wp:attachment":[{"href":"https:\/\/www.epicerie-lasource.org\/magasin\/wp-json\/wp\/v2\/media?parent=2145"}],"wp:term":[{"taxonomy":"product_cat","embeddable":true,"href":"https:\/\/www.epicerie-lasource.org\/magasin\/wp-json\/wp\/v2\/product_cat?post=2145"},{"taxonomy":"product_tag","embeddable":true,"href":"https:\/\/www.epicerie-lasource.org\/magasin\/wp-json\/wp\/v2\/product_tag?post=2145"}],"curies":[{"name":"wp","href":"https:\/\/api.w.org\/{rel}","templated":true}]}}