{"id":2143,"date":"2019-11-21T19:27:41","date_gmt":"2019-11-21T18:27:41","guid":{"rendered":"https:\/\/www.epicerie-lasource.org\/magasin\/?post_type=product&#038;p=2143"},"modified":"2026-04-27T19:08:02","modified_gmt":"2026-04-27T17:08:02","slug":"blonde-desquelbecq-75cl-6-5","status":"publish","type":"product","link":"https:\/\/www.epicerie-lasource.org\/magasin\/produit\/blonde-desquelbecq-75cl-6-5\/","title":{"rendered":"Blonde d&rsquo;Esquelbecq Thiriez 75cl &#8211; 6.5%"},"content":{"rendered":"","protected":false},"excerpt":{"rendered":"<p>La Blonde d&rsquo;Esquelbecq est la premi\u00e8re cr\u00e9ation de la brasserie.<\/p>\n<p>Cette bi\u00e8re blonde est un subtil \u00e9quilibre entre la puissance des ar\u00f4mes de houblon, les parfums fruit\u00e9s de la levure et la rondeur apport\u00e9e par le malt d&rsquo;orge.<br \/>\nUne bi\u00e8re de caract\u00e8re, typ\u00e9e, \u00e0 l&rsquo;amertume franche et agr\u00e9able, qui reste mod\u00e9r\u00e9ment alcoolis\u00e9e dans sa cat\u00e9gorie.<\/p>\n<p>D\u00e9salt\u00e9rante et rafraichissante, elle \u00e9tonnera par sa fine amertume.<\/p>\n<p>Bouteille de 75cl<br \/>\nDegr\u00e9 d&rsquo;alcool : 6.5%<\/p>\n","protected":false},"featured_media":4747,"comment_status":"open","ping_status":"closed","template":"","meta":[],"product_cat":[22,474],"product_tag":[],"supplier_id":23770,"supplier_sku":"","atum_controlled":true,"out_stock_date":null,"out_stock_threshold":null,"inheritable":false,"inbound_stock":0,"stock_on_hold":0,"sold_today":0,"sales_last_days":13,"out_stock_days":0,"lost_sales":0,"has_location":false,"update_date":"2026-05-01T22:29:33","atum_locations":[],"atum_stock_status":"onbackorder","restock_status":false,"low_stock_amount":"","sales_update_date":"2026-05-01T22:29:33","calc_backorders":-58,"_links":{"self":[{"href":"https:\/\/www.epicerie-lasource.org\/magasin\/wp-json\/wp\/v2\/product\/2143"}],"collection":[{"href":"https:\/\/www.epicerie-lasource.org\/magasin\/wp-json\/wp\/v2\/product"}],"about":[{"href":"https:\/\/www.epicerie-lasource.org\/magasin\/wp-json\/wp\/v2\/types\/product"}],"replies":[{"embeddable":true,"href":"https:\/\/www.epicerie-lasource.org\/magasin\/wp-json\/wp\/v2\/comments?post=2143"}],"wp:featuredmedia":[{"embeddable":true,"href":"https:\/\/www.epicerie-lasource.org\/magasin\/wp-json\/wp\/v2\/media\/4747"}],"wp:attachment":[{"href":"https:\/\/www.epicerie-lasource.org\/magasin\/wp-json\/wp\/v2\/media?parent=2143"}],"wp:term":[{"taxonomy":"product_cat","embeddable":true,"href":"https:\/\/www.epicerie-lasource.org\/magasin\/wp-json\/wp\/v2\/product_cat?post=2143"},{"taxonomy":"product_tag","embeddable":true,"href":"https:\/\/www.epicerie-lasource.org\/magasin\/wp-json\/wp\/v2\/product_tag?post=2143"}],"curies":[{"name":"wp","href":"https:\/\/api.w.org\/{rel}","templated":true}]}}