{"id":2138,"date":"2019-11-21T19:15:56","date_gmt":"2019-11-21T18:15:56","guid":{"rendered":"https:\/\/www.epicerie-lasource.org\/magasin\/?post_type=product&#038;p=2138"},"modified":"2026-04-06T09:53:15","modified_gmt":"2026-04-06T07:53:15","slug":"biere-ambree-desquelbecq-75cl-5-8","status":"publish","type":"product","link":"https:\/\/www.epicerie-lasource.org\/magasin\/produit\/biere-ambree-desquelbecq-75cl-5-8\/","title":{"rendered":"Bi\u00e8re Ambr\u00e9e d&rsquo;Esquelbecq Thiriez  75cl &#8211; 5.8%"},"content":{"rendered":"","protected":false},"excerpt":{"rendered":"<p>L&rsquo;Ambr\u00e9e d&rsquo;Esquelbecq est une bi\u00e8re de garde subtile et \u00e9quilibr\u00e9e.<\/p>\n<p>Elle est aujourd\u2019hui devenue un classique. Une r\u00e9f\u00e9rence !<br \/>\nBi\u00e8re Ambr\u00e9e douce, \u00e9quilibr\u00e9e et peu am\u00e8re. Les malts l\u00e9g\u00e8rement grill\u00e9s lui donnent sa couleur particuli\u00e8re et des ar\u00f4mes fins de noisette et pain grill\u00e9.<br \/>\nLe tout est rehauss\u00e9 par une pointe d&rsquo;\u00e9pice.<br \/>\nLe houblonnage est discret.<\/p>\n<p>Bouteille de 75cl<br \/>\nDegr\u00e9 d&rsquo;alcool : 5.8 %<\/p>\n","protected":false},"featured_media":4748,"comment_status":"open","ping_status":"closed","template":"","meta":[],"product_cat":[22,474],"product_tag":[],"supplier_id":23770,"supplier_sku":"","atum_controlled":true,"out_stock_date":null,"out_stock_threshold":null,"inheritable":false,"inbound_stock":0,"stock_on_hold":0,"sold_today":0,"sales_last_days":2,"out_stock_days":0,"lost_sales":0,"has_location":false,"update_date":"2026-04-30T22:27:51","atum_locations":[],"atum_stock_status":"onbackorder","restock_status":false,"low_stock_amount":"","sales_update_date":"2026-04-30T22:27:51","calc_backorders":-6,"_links":{"self":[{"href":"https:\/\/www.epicerie-lasource.org\/magasin\/wp-json\/wp\/v2\/product\/2138"}],"collection":[{"href":"https:\/\/www.epicerie-lasource.org\/magasin\/wp-json\/wp\/v2\/product"}],"about":[{"href":"https:\/\/www.epicerie-lasource.org\/magasin\/wp-json\/wp\/v2\/types\/product"}],"replies":[{"embeddable":true,"href":"https:\/\/www.epicerie-lasource.org\/magasin\/wp-json\/wp\/v2\/comments?post=2138"}],"wp:featuredmedia":[{"embeddable":true,"href":"https:\/\/www.epicerie-lasource.org\/magasin\/wp-json\/wp\/v2\/media\/4748"}],"wp:attachment":[{"href":"https:\/\/www.epicerie-lasource.org\/magasin\/wp-json\/wp\/v2\/media?parent=2138"}],"wp:term":[{"taxonomy":"product_cat","embeddable":true,"href":"https:\/\/www.epicerie-lasource.org\/magasin\/wp-json\/wp\/v2\/product_cat?post=2138"},{"taxonomy":"product_tag","embeddable":true,"href":"https:\/\/www.epicerie-lasource.org\/magasin\/wp-json\/wp\/v2\/product_tag?post=2138"}],"curies":[{"name":"wp","href":"https:\/\/api.w.org\/{rel}","templated":true}]}}