{"id":21303,"date":"2021-10-15T11:24:14","date_gmt":"2021-10-15T09:24:14","guid":{"rendered":"https:\/\/www.epicerie-lasource.org\/magasin\/?post_type=product&#038;p=21303"},"modified":"2026-04-30T18:12:02","modified_gmt":"2026-04-30T16:12:02","slug":"lentilles-rouge-corail-monbio-origine-france-bio-vrac-au-choix","status":"publish","type":"product","link":"https:\/\/www.epicerie-lasource.org\/magasin\/produit\/lentilles-rouge-corail-monbio-origine-france-bio-vrac-au-choix\/","title":{"rendered":"Vrac- Lentilles rouge corail bio"},"content":{"rendered":"","protected":false},"excerpt":{"rendered":"<p>Id\u00e9ale en accompagnement, en Dahl et m\u00eame en soupe et pur\u00e9e<\/p>\n<p><strong>Allerg\u00e8nes<\/strong>\u00a0:\u00a0<strong>peut contenir des traces de gluten et de soja\u00a0<\/strong><\/p>\n","protected":false},"featured_media":24717,"comment_status":"closed","ping_status":"closed","template":"","meta":[],"product_cat":[715,63,702],"product_tag":[],"supplier_id":null,"supplier_sku":"","atum_controlled":true,"out_stock_date":null,"out_stock_threshold":null,"inheritable":true,"inbound_stock":0,"stock_on_hold":0,"sold_today":0,"sales_last_days":1,"out_stock_days":0,"lost_sales":0,"has_location":false,"update_date":"2026-05-05T22:30:02","atum_locations":[],"atum_stock_status":"onbackorder","restock_status":false,"low_stock_amount":"","sales_update_date":"2026-05-05T22:30:02","calc_backorders":-55.885,"_links":{"self":[{"href":"https:\/\/www.epicerie-lasource.org\/magasin\/wp-json\/wp\/v2\/product\/21303"}],"collection":[{"href":"https:\/\/www.epicerie-lasource.org\/magasin\/wp-json\/wp\/v2\/product"}],"about":[{"href":"https:\/\/www.epicerie-lasource.org\/magasin\/wp-json\/wp\/v2\/types\/product"}],"replies":[{"embeddable":true,"href":"https:\/\/www.epicerie-lasource.org\/magasin\/wp-json\/wp\/v2\/comments?post=21303"}],"wp:featuredmedia":[{"embeddable":true,"href":"https:\/\/www.epicerie-lasource.org\/magasin\/wp-json\/wp\/v2\/media\/24717"}],"wp:attachment":[{"href":"https:\/\/www.epicerie-lasource.org\/magasin\/wp-json\/wp\/v2\/media?parent=21303"}],"wp:term":[{"taxonomy":"product_cat","embeddable":true,"href":"https:\/\/www.epicerie-lasource.org\/magasin\/wp-json\/wp\/v2\/product_cat?post=21303"},{"taxonomy":"product_tag","embeddable":true,"href":"https:\/\/www.epicerie-lasource.org\/magasin\/wp-json\/wp\/v2\/product_tag?post=21303"}],"curies":[{"name":"wp","href":"https:\/\/api.w.org\/{rel}","templated":true}]}}