{"id":21296,"date":"2021-10-15T10:52:04","date_gmt":"2021-10-15T08:52:04","guid":{"rendered":"https:\/\/www.epicerie-lasource.org\/magasin\/?post_type=product&#038;p=21296"},"modified":"2025-11-21T21:06:25","modified_gmt":"2025-11-21T20:06:25","slug":"chicoree-liquide-lutun-bio-250ml","status":"publish","type":"product","link":"https:\/\/www.epicerie-lasource.org\/magasin\/produit\/chicoree-liquide-lutun-bio-250ml\/","title":{"rendered":"Chicor\u00e9e Liquide Lutun Bio 250ml"},"content":{"rendered":"","protected":false},"excerpt":{"rendered":"<p>La chicor\u00e9e liquide permet une utilisation plus pratique surtout dans la p\u00e2tisserie, pour rajouter dans du lait, les yaourts, sur la glace et m\u00eame le caf\u00e9.<br \/>\nLa Chicor\u00e9e liquide Lutun est un produit \u00e9labor\u00e9 \u00e0 partir de racine de chicor\u00e9e torr\u00e9fi\u00e9e.<br \/>\nElle ne contient pas de caf\u00e9ine et poss\u00e8de des vertus digestives connues depuis l&rsquo;antiquit\u00e9.<br \/>\nAjouter une\u00a0 \u00e0 plusieurs cuill\u00e8res \u00e0 caf\u00e9 de chicor\u00e9e liquide, dans l&rsquo;eau ou du lait, chauds ou froids, vous obtiendrez une excellente boisson pour le petit d\u00e9jeuner ou pour tout autre moment de la journ\u00e9e.<br \/>\nLa chicor\u00e9e liquide permet \u00e9galement d&rsquo;aromatiser vos glaces, vos g\u00e2teaux, rel\u00e8ve vos sauces, distingue vos salades.<\/p>\n","protected":false},"featured_media":24693,"comment_status":"closed","ping_status":"closed","template":"","meta":[],"product_cat":[180,713],"product_tag":[],"supplier_id":23768,"supplier_sku":"","atum_controlled":true,"out_stock_date":null,"out_stock_threshold":null,"inheritable":false,"inbound_stock":0,"stock_on_hold":0,"sold_today":0,"sales_last_days":0,"out_stock_days":0,"lost_sales":0,"has_location":false,"update_date":"2026-05-02T22:28:29","atum_locations":[],"atum_stock_status":"instock","restock_status":false,"low_stock_amount":"","sales_update_date":"2026-05-02T22:28:29","calc_backorders":0,"_links":{"self":[{"href":"https:\/\/www.epicerie-lasource.org\/magasin\/wp-json\/wp\/v2\/product\/21296"}],"collection":[{"href":"https:\/\/www.epicerie-lasource.org\/magasin\/wp-json\/wp\/v2\/product"}],"about":[{"href":"https:\/\/www.epicerie-lasource.org\/magasin\/wp-json\/wp\/v2\/types\/product"}],"replies":[{"embeddable":true,"href":"https:\/\/www.epicerie-lasource.org\/magasin\/wp-json\/wp\/v2\/comments?post=21296"}],"wp:featuredmedia":[{"embeddable":true,"href":"https:\/\/www.epicerie-lasource.org\/magasin\/wp-json\/wp\/v2\/media\/24693"}],"wp:attachment":[{"href":"https:\/\/www.epicerie-lasource.org\/magasin\/wp-json\/wp\/v2\/media?parent=21296"}],"wp:term":[{"taxonomy":"product_cat","embeddable":true,"href":"https:\/\/www.epicerie-lasource.org\/magasin\/wp-json\/wp\/v2\/product_cat?post=21296"},{"taxonomy":"product_tag","embeddable":true,"href":"https:\/\/www.epicerie-lasource.org\/magasin\/wp-json\/wp\/v2\/product_tag?post=21296"}],"curies":[{"name":"wp","href":"https:\/\/api.w.org\/{rel}","templated":true}]}}